{"id":395009,"date":"2026-03-08T04:59:22","date_gmt":"2026-03-08T03:59:22","guid":{"rendered":"https:\/\/grupotextil.es\/producto\/camisa-popelin-manga-3-4\/"},"modified":"2026-03-08T04:59:22","modified_gmt":"2026-03-08T03:59:22","slug":"camisa-popelin-manga-3-4","status":"publish","type":"product","link":"https:\/\/grupotextil.es\/ca\/product\/camisa-popelin-manga-3-4\/","title":{"rendered":"Camisa popelin 3\/4 Sleeve"},"content":{"rendered":"<ul>\n<li>110-115 g\/m\u00b2<\/li>\n<li>65% poli\u00e9ster, 35% algod\u00f3n popelina<\/li>\n<li>Manga 3\/4<\/li>\n<li>Tapeta oculta<\/li>\n<li>Canes\u00fa de dise\u00f1o actual<\/li>\n<li>Pu\u00f1o estrecho con dos botones.<\/li>\n<li>Pinzas en pecho y espalda para un corte m\u00e1s ajustado<\/li>\n<li>Puntadas decorativas en las pinzas<\/li>\n<li>Dobladillo redondeado<\/li>\n<li>Botones de repuesto<\/li>\n<li>F\u00e1cil cuidado<\/li>\n<\/ul>","protected":false},"excerpt":{"rendered":"<p>110-115 g\/m\u00b265% poli\u00e9ster, 35% algod\u00f3n popelinaManga 3\/4Tapeta ocultaCanes\u00fa de dise\u00f1o actualPu\u00f1o estrecho con dos botones.<\/p>","protected":false},"featured_media":425154,"comment_status":"open","ping_status":"closed","template":"","meta":{"_acf_changed":false},"product_brand":[11670],"product_cat":[13938],"product_tag":[],"class_list":{"0":"post-395009","1":"product","2":"type-product","3":"status-publish","4":"has-post-thumbnail","6":"product_brand-russell-europe","7":"product_cat-camisas-corporativas","8":"tm-no-options","10":"first","11":"instock","12":"taxable","13":"shipping-taxable","14":"product-type-variable"},"acf":[],"_links":{"self":[{"href":"https:\/\/grupotextil.es\/ca\/wp-json\/wp\/v2\/product\/395009","targetHints":{"allow":["GET"]}}],"collection":[{"href":"https:\/\/grupotextil.es\/ca\/wp-json\/wp\/v2\/product"}],"about":[{"href":"https:\/\/grupotextil.es\/ca\/wp-json\/wp\/v2\/types\/product"}],"replies":[{"embeddable":true,"href":"https:\/\/grupotextil.es\/ca\/wp-json\/wp\/v2\/comments?post=395009"}],"wp:featuredmedia":[{"embeddable":true,"href":"https:\/\/grupotextil.es\/ca\/wp-json\/wp\/v2\/media\/425154"}],"wp:attachment":[{"href":"https:\/\/grupotextil.es\/ca\/wp-json\/wp\/v2\/media?parent=395009"}],"wp:term":[{"taxonomy":"product_brand","embeddable":true,"href":"https:\/\/grupotextil.es\/ca\/wp-json\/wp\/v2\/product_brand?post=395009"},{"taxonomy":"product_cat","embeddable":true,"href":"https:\/\/grupotextil.es\/ca\/wp-json\/wp\/v2\/product_cat?post=395009"},{"taxonomy":"product_tag","embeddable":true,"href":"https:\/\/grupotextil.es\/ca\/wp-json\/wp\/v2\/product_tag?post=395009"}],"curies":[{"name":"wp","href":"https:\/\/api.w.org\/{rel}","templated":true}]}}