{"id":395217,"date":"2026-03-08T04:59:38","date_gmt":"2026-03-08T03:59:38","guid":{"rendered":"https:\/\/grupotextil.es\/producto\/camisa-cuello-mandarin-manga-larga-entallada-mujer\/"},"modified":"2026-03-08T04:59:38","modified_gmt":"2026-03-08T03:59:38","slug":"camisa-cuello-mandarin-manga-larga-entallada-mujer","status":"publish","type":"product","link":"https:\/\/grupotextil.es\/ca\/product\/camisa-cuello-mandarin-manga-larga-entallada-mujer\/","title":{"rendered":"Shirt Cuello Mandar\u00edn manga larga entallada mujer"},"content":{"rendered":"<ul>\n<li>120 g\/m\u00b2<\/li>\n<li>57% algod\u00f3n, 40% poli\u00e9ster, 3% lycra<\/li>\n<li>Camisa de estilo asi\u00e1tico de f\u00e1cil cuidado<\/li>\n<li>Cuello mandar\u00edn<\/li>\n<li>Botones del mismo color de la prenda<\/li>\n<li>Tapeta oculta (solo visible el bot\u00f3n superior)<\/li>\n<li>Pinzas delanteras para cintura entallada<\/li>\n<li>Pu\u00f1os ajustables<\/li>\n<li>Aberturas laterales<\/li>\n<li>Dobladillo ligeramente redondeado<\/li>\n<\/ul>","protected":false},"excerpt":{"rendered":"<p>120 g\/m\u00b257% algod\u00f3n, 40% poli\u00e9ster, 3% lycraCamisa de estilo asi\u00e1tico de f\u00e1cil cuidadoCuello mandar\u00ednBotones del mismo color de la prendaTapeta oculta (solo visible el bot\u00f3n superior)Pinzas delanteras<\/p>","protected":false},"featured_media":425269,"comment_status":"open","ping_status":"closed","template":"","meta":{"_acf_changed":false},"product_brand":[11672],"product_cat":[13938],"product_tag":[14009],"class_list":{"0":"post-395217","1":"product","2":"type-product","3":"status-publish","4":"has-post-thumbnail","6":"product_brand-kustom-kit","7":"product_cat-camisas-corporativas","8":"product_tag-top-ventas","9":"tm-no-options","11":"first","12":"instock","13":"taxable","14":"shipping-taxable","15":"product-type-variable"},"acf":[],"_links":{"self":[{"href":"https:\/\/grupotextil.es\/ca\/wp-json\/wp\/v2\/product\/395217","targetHints":{"allow":["GET"]}}],"collection":[{"href":"https:\/\/grupotextil.es\/ca\/wp-json\/wp\/v2\/product"}],"about":[{"href":"https:\/\/grupotextil.es\/ca\/wp-json\/wp\/v2\/types\/product"}],"replies":[{"embeddable":true,"href":"https:\/\/grupotextil.es\/ca\/wp-json\/wp\/v2\/comments?post=395217"}],"wp:featuredmedia":[{"embeddable":true,"href":"https:\/\/grupotextil.es\/ca\/wp-json\/wp\/v2\/media\/425269"}],"wp:attachment":[{"href":"https:\/\/grupotextil.es\/ca\/wp-json\/wp\/v2\/media?parent=395217"}],"wp:term":[{"taxonomy":"product_brand","embeddable":true,"href":"https:\/\/grupotextil.es\/ca\/wp-json\/wp\/v2\/product_brand?post=395217"},{"taxonomy":"product_cat","embeddable":true,"href":"https:\/\/grupotextil.es\/ca\/wp-json\/wp\/v2\/product_cat?post=395217"},{"taxonomy":"product_tag","embeddable":true,"href":"https:\/\/grupotextil.es\/ca\/wp-json\/wp\/v2\/product_tag?post=395217"}],"curies":[{"name":"wp","href":"https:\/\/api.w.org\/{rel}","templated":true}]}}