{"id":395326,"date":"2026-03-08T04:59:43","date_gmt":"2026-03-08T03:59:43","guid":{"rendered":"https:\/\/grupotextil.es\/producto\/camisa-en-espiguilla-manga-corta-mujer\/"},"modified":"2026-03-08T04:59:43","modified_gmt":"2026-03-08T03:59:43","slug":"camisa-en-espiguilla-manga-corta-mujer","status":"publish","type":"product","link":"https:\/\/grupotextil.es\/ca\/product\/camisa-en-espiguilla-manga-corta-mujer\/","title":{"rendered":"Shirt en espiguilla manga corta mujer"},"content":{"rendered":"<ul>\n<li>130 g\/m\u00b2 (White: 125 g\/m\u00b2)<\/li>\n<li>84% algod\u00f3n, 16% poli\u00e9ster (mini espiguilla)<\/li>\n<li>Tejido cl\u00e1sico, no transparente<\/li>\n<li>Cuello moderno y sencillo<\/li>\n<li>Tapeta estrecha<\/li>\n<li>Pinzas en el pecho, costura frontal y posterior<\/li>\n<li>Corte ajustado<\/li>\n<li>No precisa cuidados especiales<\/li>\n<\/ul>","protected":false},"excerpt":{"rendered":"<p>130 g\/m\u00b2 (White: 125 g\/m\u00b2)84% algod\u00f3n, 16% poli\u00e9ster (mini espiguilla)Tejido cl\u00e1sico, no transparenteCuello moderno y sencilloTapeta estrechaPinzas en el pecho, costura frontal y posteriorCorte ajusta<\/p>","protected":false},"featured_media":425308,"comment_status":"open","ping_status":"closed","template":"","meta":{"_acf_changed":false},"product_brand":[11670],"product_cat":[13938],"product_tag":[],"class_list":{"0":"post-395326","1":"product","2":"type-product","3":"status-publish","4":"has-post-thumbnail","6":"product_brand-russell-europe","7":"product_cat-camisas-corporativas","8":"tm-no-options","10":"first","11":"instock","12":"taxable","13":"shipping-taxable","14":"product-type-variable"},"acf":[],"_links":{"self":[{"href":"https:\/\/grupotextil.es\/ca\/wp-json\/wp\/v2\/product\/395326","targetHints":{"allow":["GET"]}}],"collection":[{"href":"https:\/\/grupotextil.es\/ca\/wp-json\/wp\/v2\/product"}],"about":[{"href":"https:\/\/grupotextil.es\/ca\/wp-json\/wp\/v2\/types\/product"}],"replies":[{"embeddable":true,"href":"https:\/\/grupotextil.es\/ca\/wp-json\/wp\/v2\/comments?post=395326"}],"wp:featuredmedia":[{"embeddable":true,"href":"https:\/\/grupotextil.es\/ca\/wp-json\/wp\/v2\/media\/425308"}],"wp:attachment":[{"href":"https:\/\/grupotextil.es\/ca\/wp-json\/wp\/v2\/media?parent=395326"}],"wp:term":[{"taxonomy":"product_brand","embeddable":true,"href":"https:\/\/grupotextil.es\/ca\/wp-json\/wp\/v2\/product_brand?post=395326"},{"taxonomy":"product_cat","embeddable":true,"href":"https:\/\/grupotextil.es\/ca\/wp-json\/wp\/v2\/product_cat?post=395326"},{"taxonomy":"product_tag","embeddable":true,"href":"https:\/\/grupotextil.es\/ca\/wp-json\/wp\/v2\/product_tag?post=395326"}],"curies":[{"name":"wp","href":"https:\/\/api.w.org\/{rel}","templated":true}]}}