{"id":395550,"date":"2026-03-08T05:01:15","date_gmt":"2026-03-08T04:01:15","guid":{"rendered":"https:\/\/grupotextil.es\/producto\/camisa-popelina-ls\/"},"modified":"2026-03-08T05:01:15","modified_gmt":"2026-03-08T04:01:15","slug":"camisa-popelina-ls","status":"publish","type":"product","link":"https:\/\/grupotextil.es\/ca\/product\/camisa-popelina-ls\/","title":{"rendered":"Camisa Popelina LS"},"content":{"rendered":"<ul>\n<li>105 g\/m\u00b2<\/li>\n<li>65% poli\u00e9ster, 35% algod\u00f3n (popelina)<\/li>\n<li>Cuello semi cortado<\/li>\n<li>Canes\u00fa en espalda<\/li>\n<li>Bolsillo en el pecho<\/li>\n<li>Botones del mismo color de la camisa<\/li>\n<li>Pu\u00f1o ajustable de 2 botones (con opci\u00f3n para gemelos)<\/li>\n<li>Doble cosido en manga y costuras laterales<\/li>\n<li>Dobladillo redondeado<\/li>\n<li>Bot\u00f3n de repuesto<\/li>\n<li>Ajustada<\/li>\n<li>F\u00e1cil planchado.<\/li>\n<\/ul>","protected":false},"excerpt":{"rendered":"<p>105 g\/m\u00b265% poli\u00e9ster, 35% algod\u00f3n (popelina)Cuello semi cortadoCanes\u00fa en espaldaBolsillo en el pechoBotones del mismo color de la camisaPu\u00f1o ajustable de 2 botones (con opci\u00f3n para gemelos)Doble c&#8230;<\/p>","protected":false},"featured_media":425383,"comment_status":"open","ping_status":"closed","template":"","meta":{"_acf_changed":false},"product_brand":[11672],"product_cat":[13938],"product_tag":[],"class_list":{"0":"post-395550","1":"product","2":"type-product","3":"status-publish","4":"has-post-thumbnail","6":"product_brand-kustom-kit","7":"product_cat-camisas-corporativas","8":"tm-no-options","10":"first","11":"instock","12":"taxable","13":"shipping-taxable","14":"product-type-variable"},"acf":[],"_links":{"self":[{"href":"https:\/\/grupotextil.es\/ca\/wp-json\/wp\/v2\/product\/395550","targetHints":{"allow":["GET"]}}],"collection":[{"href":"https:\/\/grupotextil.es\/ca\/wp-json\/wp\/v2\/product"}],"about":[{"href":"https:\/\/grupotextil.es\/ca\/wp-json\/wp\/v2\/types\/product"}],"replies":[{"embeddable":true,"href":"https:\/\/grupotextil.es\/ca\/wp-json\/wp\/v2\/comments?post=395550"}],"wp:featuredmedia":[{"embeddable":true,"href":"https:\/\/grupotextil.es\/ca\/wp-json\/wp\/v2\/media\/425383"}],"wp:attachment":[{"href":"https:\/\/grupotextil.es\/ca\/wp-json\/wp\/v2\/media?parent=395550"}],"wp:term":[{"taxonomy":"product_brand","embeddable":true,"href":"https:\/\/grupotextil.es\/ca\/wp-json\/wp\/v2\/product_brand?post=395550"},{"taxonomy":"product_cat","embeddable":true,"href":"https:\/\/grupotextil.es\/ca\/wp-json\/wp\/v2\/product_cat?post=395550"},{"taxonomy":"product_tag","embeddable":true,"href":"https:\/\/grupotextil.es\/ca\/wp-json\/wp\/v2\/product_tag?post=395550"}],"curies":[{"name":"wp","href":"https:\/\/api.w.org\/{rel}","templated":true}]}}