{"id":395665,"date":"2026-03-08T05:01:20","date_gmt":"2026-03-08T04:01:20","guid":{"rendered":"https:\/\/grupotextil.es\/producto\/chaqueta-de-punto-cuello-v-mujer-classic-fit\/"},"modified":"2026-03-08T05:01:20","modified_gmt":"2026-03-08T04:01:20","slug":"chaqueta-de-punto-cuello-v-mujer-classic-fit","status":"publish","type":"product","link":"https:\/\/grupotextil.es\/ca\/product\/chaqueta-de-punto-cuello-v-mujer-classic-fit\/","title":{"rendered":"Chaqueta de punto cuello V mujer cl\u00e1sica Fit"},"content":{"rendered":"<ul>\n<li>50% algod\u00f3n, 50% acr\u00edlico<\/li>\n<li>Cuello V<\/li>\n<li>Pu\u00f1os en canal\u00e9<\/li>\n<li>Tapeta y botones en los pu\u00f1os<\/li>\n<li>Costuras reforzadas en los hombros<\/li>\n<li>Etiqueta tejida<\/li>\n<\/ul>","protected":false},"excerpt":{"rendered":"<p>50% algod\u00f3n, 50% acr\u00edlicoCuello VPu\u00f1os en canal\u00e9Tapeta y botones en los pu\u00f1osCosturas reforzadas en los hombrosEtiqueta tejida<\/p>","protected":false},"featured_media":425410,"comment_status":"open","ping_status":"closed","template":"","meta":{"_acf_changed":false},"product_brand":[11672],"product_cat":[13938],"product_tag":[],"class_list":{"0":"post-395665","1":"product","2":"type-product","3":"status-publish","4":"has-post-thumbnail","6":"product_brand-kustom-kit","7":"product_cat-camisas-corporativas","8":"tm-no-options","10":"first","11":"instock","12":"taxable","13":"shipping-taxable","14":"product-type-variable"},"acf":[],"_links":{"self":[{"href":"https:\/\/grupotextil.es\/ca\/wp-json\/wp\/v2\/product\/395665","targetHints":{"allow":["GET"]}}],"collection":[{"href":"https:\/\/grupotextil.es\/ca\/wp-json\/wp\/v2\/product"}],"about":[{"href":"https:\/\/grupotextil.es\/ca\/wp-json\/wp\/v2\/types\/product"}],"replies":[{"embeddable":true,"href":"https:\/\/grupotextil.es\/ca\/wp-json\/wp\/v2\/comments?post=395665"}],"wp:featuredmedia":[{"embeddable":true,"href":"https:\/\/grupotextil.es\/ca\/wp-json\/wp\/v2\/media\/425410"}],"wp:attachment":[{"href":"https:\/\/grupotextil.es\/ca\/wp-json\/wp\/v2\/media?parent=395665"}],"wp:term":[{"taxonomy":"product_brand","embeddable":true,"href":"https:\/\/grupotextil.es\/ca\/wp-json\/wp\/v2\/product_brand?post=395665"},{"taxonomy":"product_cat","embeddable":true,"href":"https:\/\/grupotextil.es\/ca\/wp-json\/wp\/v2\/product_cat?post=395665"},{"taxonomy":"product_tag","embeddable":true,"href":"https:\/\/grupotextil.es\/ca\/wp-json\/wp\/v2\/product_tag?post=395665"}],"curies":[{"name":"wp","href":"https:\/\/api.w.org\/{rel}","templated":true}]}}