{"id":396753,"date":"2026-03-08T05:12:11","date_gmt":"2026-03-08T04:12:11","guid":{"rendered":"https:\/\/grupotextil.es\/producto\/camisa-popelina-manga-larga-hombre-2\/"},"modified":"2026-03-08T05:12:11","modified_gmt":"2026-03-08T04:12:11","slug":"camisa-popelina-manga-larga-hombre-2","status":"publish","type":"product","link":"https:\/\/grupotextil.es\/ca\/product\/camisa-popelina-manga-larga-hombre-2\/","title":{"rendered":"Shirt Popelina manga larga hombre"},"content":{"rendered":"<ul>\n<li>120 g\/m\u00b2 (White: 115 g\/m\u00b2)<\/li>\n<li>55% algod\u00f3n, 45% poli\u00e9ster<\/li>\n<li>F\u00e1cil cuidado<\/li>\n<li>Manga larga<\/li>\n<li>Camisa popelin<\/li>\n<li>Cuello cl\u00e1sico reforzado<\/li>\n<li>Botones del mismo color de la prenda<\/li>\n<li>Bolsillo de parche en el pecho<\/li>\n<li>Pu\u00f1os redondeados<\/li>\n<li>Bajo redondeado<\/li>\n<\/ul>","protected":false},"excerpt":{"rendered":"<p>120 g\/m\u00b2 (White: 115 g\/m\u00b2)55% algod\u00f3n, 45% poli\u00e9sterF\u00e1cil cuidadoManga largaCamisa popelinCuello cl\u00e1sico reforzadoBotones del mismo color de la prendaBolsillo de parche en el pechoPu\u00f1os redondeadosBaj<\/p>","protected":false},"featured_media":425729,"comment_status":"open","ping_status":"closed","template":"","meta":{"_acf_changed":false},"product_brand":[11665],"product_cat":[13938,13930,13973],"product_tag":[],"class_list":{"0":"post-396753","1":"product","2":"type-product","3":"status-publish","4":"has-post-thumbnail","6":"product_brand-fruit-of-the-loom","7":"product_cat-camisas-corporativas","8":"product_cat-laboral","9":"product_cat-ropa","10":"tm-no-options","12":"first","13":"instock","14":"taxable","15":"shipping-taxable","16":"product-type-variable"},"acf":[],"_links":{"self":[{"href":"https:\/\/grupotextil.es\/ca\/wp-json\/wp\/v2\/product\/396753","targetHints":{"allow":["GET"]}}],"collection":[{"href":"https:\/\/grupotextil.es\/ca\/wp-json\/wp\/v2\/product"}],"about":[{"href":"https:\/\/grupotextil.es\/ca\/wp-json\/wp\/v2\/types\/product"}],"replies":[{"embeddable":true,"href":"https:\/\/grupotextil.es\/ca\/wp-json\/wp\/v2\/comments?post=396753"}],"wp:featuredmedia":[{"embeddable":true,"href":"https:\/\/grupotextil.es\/ca\/wp-json\/wp\/v2\/media\/425729"}],"wp:attachment":[{"href":"https:\/\/grupotextil.es\/ca\/wp-json\/wp\/v2\/media?parent=396753"}],"wp:term":[{"taxonomy":"product_brand","embeddable":true,"href":"https:\/\/grupotextil.es\/ca\/wp-json\/wp\/v2\/product_brand?post=396753"},{"taxonomy":"product_cat","embeddable":true,"href":"https:\/\/grupotextil.es\/ca\/wp-json\/wp\/v2\/product_cat?post=396753"},{"taxonomy":"product_tag","embeddable":true,"href":"https:\/\/grupotextil.es\/ca\/wp-json\/wp\/v2\/product_tag?post=396753"}],"curies":[{"name":"wp","href":"https:\/\/api.w.org\/{rel}","templated":true}]}}