{"id":396787,"date":"2026-03-08T05:12:36","date_gmt":"2026-03-08T04:12:36","guid":{"rendered":"https:\/\/grupotextil.es\/producto\/bota-de-seguridad-kane-talla-36\/"},"modified":"2026-03-08T05:12:36","modified_gmt":"2026-03-08T04:12:36","slug":"bota-de-seguridad-kane-talla-36","status":"publish","type":"product","link":"https:\/\/grupotextil.es\/ca\/product\/bota-de-seguridad-kane-talla-36\/","title":{"rendered":"Bota Safety Kane &#8211; talla 36"},"content":{"rendered":"<ul>\n<li>Parte superior: cuero (con panel lateral el\u00e1stico)<\/li>\n<li>Forrada parcialmente de malla con acolchado ligero<\/li>\n<li>Con tiradores<\/li>\n<li>Paneles laterales de ventilaci\u00f3n<\/li>\n<li>Punta de acero<\/li>\n<li>Tal\u00f3n de absorci\u00f3n de energ\u00eda (c\u00e1mara de aire)<\/li>\n<li>Entresuela de acero<\/li>\n<li>Suela: poliuretano (con c\u00e1mara de aire)<\/li>\n<li>SRC antideslizante y resistente al aceite<\/li>\n<li>EN ISO 20345:2011 S3 SRC<\/li>\n<li>Para obtener m\u00e1s tallas para este art\u00edculo, consulta el producto 798.33.<\/li>\n<\/ul>","protected":false},"excerpt":{"rendered":"<p>Parte superior: cuero (con panel lateral el\u00e1stico)Forrada parcialmente de malla con acolchado ligeroCon tiradoresPaneles laterales de ventilaci\u00f3nPunta de aceroTal\u00f3n de absorci\u00f3n de energ\u00eda (c\u00e1mara &#8230;<\/p>","protected":false},"featured_media":425739,"comment_status":"open","ping_status":"closed","template":"","meta":{"_acf_changed":false},"product_brand":[11669],"product_cat":[13938,13930,13973],"product_tag":[],"class_list":{"0":"post-396787","1":"product","2":"type-product","3":"status-publish","4":"has-post-thumbnail","6":"product_brand-result","7":"product_cat-camisas-corporativas","8":"product_cat-laboral","9":"product_cat-ropa","10":"tm-no-options","12":"first","13":"instock","14":"taxable","15":"shipping-taxable","16":"product-type-variable"},"acf":[],"_links":{"self":[{"href":"https:\/\/grupotextil.es\/ca\/wp-json\/wp\/v2\/product\/396787","targetHints":{"allow":["GET"]}}],"collection":[{"href":"https:\/\/grupotextil.es\/ca\/wp-json\/wp\/v2\/product"}],"about":[{"href":"https:\/\/grupotextil.es\/ca\/wp-json\/wp\/v2\/types\/product"}],"replies":[{"embeddable":true,"href":"https:\/\/grupotextil.es\/ca\/wp-json\/wp\/v2\/comments?post=396787"}],"wp:featuredmedia":[{"embeddable":true,"href":"https:\/\/grupotextil.es\/ca\/wp-json\/wp\/v2\/media\/425739"}],"wp:attachment":[{"href":"https:\/\/grupotextil.es\/ca\/wp-json\/wp\/v2\/media?parent=396787"}],"wp:term":[{"taxonomy":"product_brand","embeddable":true,"href":"https:\/\/grupotextil.es\/ca\/wp-json\/wp\/v2\/product_brand?post=396787"},{"taxonomy":"product_cat","embeddable":true,"href":"https:\/\/grupotextil.es\/ca\/wp-json\/wp\/v2\/product_cat?post=396787"},{"taxonomy":"product_tag","embeddable":true,"href":"https:\/\/grupotextil.es\/ca\/wp-json\/wp\/v2\/product_tag?post=396787"}],"curies":[{"name":"wp","href":"https:\/\/api.w.org\/{rel}","templated":true}]}}