{"id":396854,"date":"2026-03-08T05:12:44","date_gmt":"2026-03-08T04:12:44","guid":{"rendered":"https:\/\/grupotextil.es\/producto\/camisa-ajustada-manga-3-4\/"},"modified":"2026-03-08T05:12:44","modified_gmt":"2026-03-08T04:12:44","slug":"camisa-ajustada-manga-3-4","status":"publish","type":"product","link":"https:\/\/grupotextil.es\/ca\/product\/camisa-ajustada-manga-3-4\/","title":{"rendered":"Camisa ajustada 3\/4 Sleeve"},"content":{"rendered":"<ul>\n<li>140 g\/m\u00b2<\/li>\n<li>97% algod\u00f3n 3% elast\u00e1n<\/li>\n<li>Tela suave ligeramente el\u00e1stica para mayor comodidad y ajuste.<\/li>\n<li>Cuello cl\u00e1sico con un bot\u00f3n<\/li>\n<li>Elegante manga \u00be hasta el codo con pu\u00f1o de divisi\u00f3n<\/li>\n<li>Botones a juego<\/li>\n<li>Pinzas en el pecho, dobladillo frontal y trasero para un corte entallado<\/li>\n<li>Dobladillo ajustado<\/li>\n<li>Botones de repuesto<\/li>\n<li>F\u00e1cil cuidado<\/li>\n<\/ul>","protected":false},"excerpt":{"rendered":"<p>140 g\/m\u00b297% algod\u00f3n 3% elast\u00e1nTela suave ligeramente el\u00e1stica para mayor comodidad y ajuste.<\/p>","protected":false},"featured_media":425760,"comment_status":"open","ping_status":"closed","template":"","meta":{"_acf_changed":false},"product_brand":[11670],"product_cat":[13938,13930,13973],"product_tag":[14009],"class_list":{"0":"post-396854","1":"product","2":"type-product","3":"status-publish","4":"has-post-thumbnail","6":"product_brand-russell-europe","7":"product_cat-camisas-corporativas","8":"product_cat-laboral","9":"product_cat-ropa","10":"product_tag-top-ventas","11":"tm-no-options","13":"first","14":"instock","15":"taxable","16":"shipping-taxable","17":"product-type-variable"},"acf":[],"_links":{"self":[{"href":"https:\/\/grupotextil.es\/ca\/wp-json\/wp\/v2\/product\/396854","targetHints":{"allow":["GET"]}}],"collection":[{"href":"https:\/\/grupotextil.es\/ca\/wp-json\/wp\/v2\/product"}],"about":[{"href":"https:\/\/grupotextil.es\/ca\/wp-json\/wp\/v2\/types\/product"}],"replies":[{"embeddable":true,"href":"https:\/\/grupotextil.es\/ca\/wp-json\/wp\/v2\/comments?post=396854"}],"wp:featuredmedia":[{"embeddable":true,"href":"https:\/\/grupotextil.es\/ca\/wp-json\/wp\/v2\/media\/425760"}],"wp:attachment":[{"href":"https:\/\/grupotextil.es\/ca\/wp-json\/wp\/v2\/media?parent=396854"}],"wp:term":[{"taxonomy":"product_brand","embeddable":true,"href":"https:\/\/grupotextil.es\/ca\/wp-json\/wp\/v2\/product_brand?post=396854"},{"taxonomy":"product_cat","embeddable":true,"href":"https:\/\/grupotextil.es\/ca\/wp-json\/wp\/v2\/product_cat?post=396854"},{"taxonomy":"product_tag","embeddable":true,"href":"https:\/\/grupotextil.es\/ca\/wp-json\/wp\/v2\/product_tag?post=396854"}],"curies":[{"name":"wp","href":"https:\/\/api.w.org\/{rel}","templated":true}]}}