{"id":396880,"date":"2026-03-08T05:12:45","date_gmt":"2026-03-08T04:12:45","guid":{"rendered":"https:\/\/grupotextil.es\/producto\/camisa-oxford-manga-3-4-mujer\/"},"modified":"2026-03-08T05:12:45","modified_gmt":"2026-03-08T04:12:45","slug":"camisa-oxford-manga-3-4-mujer","status":"publish","type":"product","link":"https:\/\/grupotextil.es\/ca\/product\/camisa-oxford-manga-3-4-mujer\/","title":{"rendered":"Shirt Oxford 3\/4 Sleeve mujer"},"content":{"rendered":"<ul>\n<li>125 g\/m\u00b2<\/li>\n<li>85% algod\u00f3n<\/li>\n<li>15% poli\u00e9ster<\/li>\n<li>Blusa oxford de planchado f\u00e1cil<\/li>\n<li>Botones del mismo color de la prenda<\/li>\n<li>Manga 3\/4 con pu\u00f1os abiertos<\/li>\n<li>Dos pinzas traseras y dos delanteras para un corte ajustado<\/li>\n<li>Bajo redondeado<\/li>\n<\/ul>","protected":false},"excerpt":{"rendered":"<p>125 g\/m\u00b285% algod\u00f3n15% poli\u00e9sterBlusa oxford de planchado f\u00e1cilBotones del mismo color de la prendaManga 3\/4 con pu\u00f1os abiertosDos pinzas traseras y dos delanteras para un corte ajustadoBajo redondead<\/p>","protected":false},"featured_media":425773,"comment_status":"open","ping_status":"closed","template":"","meta":{"_acf_changed":false},"product_brand":[11672],"product_cat":[13938,13930,13973],"product_tag":[],"class_list":{"0":"post-396880","1":"product","2":"type-product","3":"status-publish","4":"has-post-thumbnail","6":"product_brand-kustom-kit","7":"product_cat-camisas-corporativas","8":"product_cat-laboral","9":"product_cat-ropa","10":"tm-no-options","12":"first","13":"instock","14":"taxable","15":"shipping-taxable","16":"product-type-variable"},"acf":[],"_links":{"self":[{"href":"https:\/\/grupotextil.es\/ca\/wp-json\/wp\/v2\/product\/396880","targetHints":{"allow":["GET"]}}],"collection":[{"href":"https:\/\/grupotextil.es\/ca\/wp-json\/wp\/v2\/product"}],"about":[{"href":"https:\/\/grupotextil.es\/ca\/wp-json\/wp\/v2\/types\/product"}],"replies":[{"embeddable":true,"href":"https:\/\/grupotextil.es\/ca\/wp-json\/wp\/v2\/comments?post=396880"}],"wp:featuredmedia":[{"embeddable":true,"href":"https:\/\/grupotextil.es\/ca\/wp-json\/wp\/v2\/media\/425773"}],"wp:attachment":[{"href":"https:\/\/grupotextil.es\/ca\/wp-json\/wp\/v2\/media?parent=396880"}],"wp:term":[{"taxonomy":"product_brand","embeddable":true,"href":"https:\/\/grupotextil.es\/ca\/wp-json\/wp\/v2\/product_brand?post=396880"},{"taxonomy":"product_cat","embeddable":true,"href":"https:\/\/grupotextil.es\/ca\/wp-json\/wp\/v2\/product_cat?post=396880"},{"taxonomy":"product_tag","embeddable":true,"href":"https:\/\/grupotextil.es\/ca\/wp-json\/wp\/v2\/product_tag?post=396880"}],"curies":[{"name":"wp","href":"https:\/\/api.w.org\/{rel}","templated":true}]}}