{"id":396912,"date":"2026-03-08T05:13:22","date_gmt":"2026-03-08T04:13:22","guid":{"rendered":"https:\/\/grupotextil.es\/producto\/camisa-milano-women-popelin-shirt-3-4-sleeves\/"},"modified":"2026-03-08T05:13:22","modified_gmt":"2026-03-08T04:13:22","slug":"camisa-milano-women-popelin-shirt-3-4-sleeves","status":"publish","type":"product","link":"https:\/\/grupotextil.es\/ca\/product\/camisa-milano-women-popelin-shirt-3-4-sleeves\/","title":{"rendered":"Camisa MilanoWomen Popelin Camisa 3\/4 sleeves"},"content":{"rendered":"<ul>\n<li>135 g\/m\u00b2<\/li>\n<li>97% algod\u00f3n peinado<\/li>\n<li>3% elast\u00e1n<\/li>\n<li>Cuello con 2 botones<\/li>\n<li>Manga 3\/4<\/li>\n<li>Pu\u00f1os con 4 botones<\/li>\n<li>Pinzas detr\u00e1s y delante para un entallado perfecto<\/li>\n<li>Sin pliegues en la parte trasera: ideal para impresi\u00f3n y bordado<\/li>\n<li>Bajo ligeramente redondeado<\/li>\n<\/ul>","protected":false},"excerpt":{"rendered":"<p>135 g\/m\u00b297% algod\u00f3n peinado3% elast\u00e1nCuello con 2 botonesManga 3\/4Pu\u00f1os con 4 botonesPinzas detr\u00e1s y delante para un entallado perfectoSin pliegues en la parte trasera: ideal para impresi\u00f3n y bordadoB<\/p>","protected":false},"featured_media":425785,"comment_status":"open","ping_status":"closed","template":"","meta":{"_acf_changed":false},"product_brand":[11653],"product_cat":[13938,13930,13973],"product_tag":[],"class_list":{"0":"post-396912","1":"product","2":"type-product","3":"status-publish","4":"has-post-thumbnail","6":"product_brand-b-c","7":"product_cat-camisas-corporativas","8":"product_cat-laboral","9":"product_cat-ropa","10":"tm-no-options","12":"first","13":"instock","14":"taxable","15":"shipping-taxable","16":"product-type-variable"},"acf":[],"_links":{"self":[{"href":"https:\/\/grupotextil.es\/ca\/wp-json\/wp\/v2\/product\/396912","targetHints":{"allow":["GET"]}}],"collection":[{"href":"https:\/\/grupotextil.es\/ca\/wp-json\/wp\/v2\/product"}],"about":[{"href":"https:\/\/grupotextil.es\/ca\/wp-json\/wp\/v2\/types\/product"}],"replies":[{"embeddable":true,"href":"https:\/\/grupotextil.es\/ca\/wp-json\/wp\/v2\/comments?post=396912"}],"wp:featuredmedia":[{"embeddable":true,"href":"https:\/\/grupotextil.es\/ca\/wp-json\/wp\/v2\/media\/425785"}],"wp:attachment":[{"href":"https:\/\/grupotextil.es\/ca\/wp-json\/wp\/v2\/media?parent=396912"}],"wp:term":[{"taxonomy":"product_brand","embeddable":true,"href":"https:\/\/grupotextil.es\/ca\/wp-json\/wp\/v2\/product_brand?post=396912"},{"taxonomy":"product_cat","embeddable":true,"href":"https:\/\/grupotextil.es\/ca\/wp-json\/wp\/v2\/product_cat?post=396912"},{"taxonomy":"product_tag","embeddable":true,"href":"https:\/\/grupotextil.es\/ca\/wp-json\/wp\/v2\/product_tag?post=396912"}],"curies":[{"name":"wp","href":"https:\/\/api.w.org\/{rel}","templated":true}]}}