{"id":396973,"date":"2026-03-08T05:14:00","date_gmt":"2026-03-08T04:14:00","guid":{"rendered":"https:\/\/grupotextil.es\/producto\/camisa-vision-manga-larga-dnm-mujer\/"},"modified":"2026-03-08T05:14:00","modified_gmt":"2026-03-08T04:14:00","slug":"camisa-vision-manga-larga-dnm-mujer","status":"publish","type":"product","link":"https:\/\/grupotextil.es\/ca\/product\/camisa-vision-manga-larga-dnm-mujer\/","title":{"rendered":"Shirt Vision manga larga DNM mujer"},"content":{"rendered":"<ul>\n<li>100% algod\u00f3n (sarga denim)<\/li>\n<li>Pre-lavado<\/li>\n<li>Cuello femenino con solapa alargada en el primer bot\u00f3n<\/li>\n<li>Parte trasera del cuello de 2 piezas para dar un look vintage<\/li>\n<li>Canes\u00fa en frontal del hombro con puntadas decorativas a doble aguja<\/li>\n<li>Tapeta con puntadas zig-zag del mismo color<\/li>\n<li>Botones del mismo color<\/li>\n<li>Pinzas en pecho y espalda para dar una forma m\u00e1s femenina<\/li>\n<li>Bot\u00f3n met\u00e1lico en abertura de pu\u00f1o izquierdo<\/li>\n<li>Laterales inferiores con refuerzo (en denim girado)<\/li>\n<li>Dobladillo inferior curvado<\/li>\n<\/ul>","protected":false},"excerpt":{"rendered":"<p>100% algod\u00f3n (sarga denim)Pre-lavadoCuello femenino con solapa alargada en el primer bot\u00f3nParte trasera del cuello de 2 piezas para dar un look vintageCanes\u00fa en frontal del hombro con puntadas decorat<\/p>","protected":false},"featured_media":425809,"comment_status":"open","ping_status":"closed","template":"","meta":{"_acf_changed":false},"product_brand":[11653],"product_cat":[13938,13930,13973],"product_tag":[],"class_list":{"0":"post-396973","1":"product","2":"type-product","3":"status-publish","4":"has-post-thumbnail","6":"product_brand-b-c","7":"product_cat-camisas-corporativas","8":"product_cat-laboral","9":"product_cat-ropa","10":"tm-no-options","12":"first","13":"instock","14":"taxable","15":"shipping-taxable","16":"product-type-variable"},"acf":[],"_links":{"self":[{"href":"https:\/\/grupotextil.es\/ca\/wp-json\/wp\/v2\/product\/396973","targetHints":{"allow":["GET"]}}],"collection":[{"href":"https:\/\/grupotextil.es\/ca\/wp-json\/wp\/v2\/product"}],"about":[{"href":"https:\/\/grupotextil.es\/ca\/wp-json\/wp\/v2\/types\/product"}],"replies":[{"embeddable":true,"href":"https:\/\/grupotextil.es\/ca\/wp-json\/wp\/v2\/comments?post=396973"}],"wp:featuredmedia":[{"embeddable":true,"href":"https:\/\/grupotextil.es\/ca\/wp-json\/wp\/v2\/media\/425809"}],"wp:attachment":[{"href":"https:\/\/grupotextil.es\/ca\/wp-json\/wp\/v2\/media?parent=396973"}],"wp:term":[{"taxonomy":"product_brand","embeddable":true,"href":"https:\/\/grupotextil.es\/ca\/wp-json\/wp\/v2\/product_brand?post=396973"},{"taxonomy":"product_cat","embeddable":true,"href":"https:\/\/grupotextil.es\/ca\/wp-json\/wp\/v2\/product_cat?post=396973"},{"taxonomy":"product_tag","embeddable":true,"href":"https:\/\/grupotextil.es\/ca\/wp-json\/wp\/v2\/product_tag?post=396973"}],"curies":[{"name":"wp","href":"https:\/\/api.w.org\/{rel}","templated":true}]}}