{"id":396975,"date":"2026-03-08T05:14:01","date_gmt":"2026-03-08T04:14:01","guid":{"rendered":"https:\/\/grupotextil.es\/producto\/cardigan-hombre-de-punto-y-escote-v\/"},"modified":"2026-03-08T05:14:01","modified_gmt":"2026-03-08T04:14:01","slug":"cardigan-hombre-de-punto-y-escote-v","status":"publish","type":"product","link":"https:\/\/grupotextil.es\/ca\/product\/cardigan-hombre-de-punto-y-escote-v\/","title":{"rendered":"C\u00e1rdigan hombre de punto y escote V"},"content":{"rendered":"<ul>\n<li>275 g\/m\u00b2<\/li>\n<li>50% algod\u00f3n, 50% poliacr\u00edlico<\/li>\n<li>Tejido f\u00e1cil cuidado CottonBlend \u2122<\/li>\n<li>Secado r\u00e1pido<\/li>\n<li>Punto liso<\/li>\n<li>Escote en V en canal\u00e9<\/li>\n<li>Botones contrastados<\/li>\n<li>Banda ancha en canal\u00e9 en los pu\u00f1os y en dobladillo inferior<\/li>\n<li>Costuras laterales<\/li>\n<li>Lavable a m\u00e1quina a 40 \u00b0 C<\/li>\n<li>Apropiado para el bordado.<\/li>\n<\/ul>","protected":false},"excerpt":{"rendered":"<p>275 g\/m\u00b250% algod\u00f3n, 50% poliacr\u00edlicoTejido f\u00e1cil cuidado CottonBlend \u2122Secado r\u00e1pidoPunto lisoEscote en V en canal\u00e9Botones contrastadosBanda ancha en canal\u00e9 en los pu\u00f1os y en dobladillo inferiorCos&#8230;<\/p>","protected":false},"featured_media":425810,"comment_status":"open","ping_status":"closed","template":"","meta":{"_acf_changed":false},"product_brand":[11670],"product_cat":[13938,13930,13973],"product_tag":[],"class_list":{"0":"post-396975","1":"product","2":"type-product","3":"status-publish","4":"has-post-thumbnail","6":"product_brand-russell-europe","7":"product_cat-camisas-corporativas","8":"product_cat-laboral","9":"product_cat-ropa","10":"tm-no-options","12":"first","13":"instock","14":"taxable","15":"shipping-taxable","16":"product-type-variable"},"acf":[],"_links":{"self":[{"href":"https:\/\/grupotextil.es\/ca\/wp-json\/wp\/v2\/product\/396975","targetHints":{"allow":["GET"]}}],"collection":[{"href":"https:\/\/grupotextil.es\/ca\/wp-json\/wp\/v2\/product"}],"about":[{"href":"https:\/\/grupotextil.es\/ca\/wp-json\/wp\/v2\/types\/product"}],"replies":[{"embeddable":true,"href":"https:\/\/grupotextil.es\/ca\/wp-json\/wp\/v2\/comments?post=396975"}],"wp:featuredmedia":[{"embeddable":true,"href":"https:\/\/grupotextil.es\/ca\/wp-json\/wp\/v2\/media\/425810"}],"wp:attachment":[{"href":"https:\/\/grupotextil.es\/ca\/wp-json\/wp\/v2\/media?parent=396975"}],"wp:term":[{"taxonomy":"product_brand","embeddable":true,"href":"https:\/\/grupotextil.es\/ca\/wp-json\/wp\/v2\/product_brand?post=396975"},{"taxonomy":"product_cat","embeddable":true,"href":"https:\/\/grupotextil.es\/ca\/wp-json\/wp\/v2\/product_cat?post=396975"},{"taxonomy":"product_tag","embeddable":true,"href":"https:\/\/grupotextil.es\/ca\/wp-json\/wp\/v2\/product_tag?post=396975"}],"curies":[{"name":"wp","href":"https:\/\/api.w.org\/{rel}","templated":true}]}}