{"id":396994,"date":"2026-03-08T05:14:02","date_gmt":"2026-03-08T04:14:02","guid":{"rendered":"https:\/\/grupotextil.es\/producto\/camisa-entallada-manga-larga\/"},"modified":"2026-03-08T05:14:02","modified_gmt":"2026-03-08T04:14:02","slug":"camisa-entallada-manga-larga","status":"publish","type":"product","link":"https:\/\/grupotextil.es\/ca\/product\/camisa-entallada-manga-larga\/","title":{"rendered":"Shirt entallada manga larga"},"content":{"rendered":"<ul>\n<li>105 g\/m\u00b2<\/li>\n<li>55% algod\u00f3n, 45% poli\u00e9ster<\/li>\n<li>Canes\u00fa trasero<\/li>\n<li>Sisas con pespuntes a una aguja<\/li>\n<li>Costuras y mangas a doble aguja<\/li>\n<li>Dobladillo redondeado<\/li>\n<li>2 plieges en la espalda<\/li>\n<li>Bot\u00f3n de repuesto<\/li>\n<li>Entallado<\/li>\n<li>Etiqueta tejida<\/li>\n<li>F\u00e1cil de planchar<\/li>\n<\/ul>","protected":false},"excerpt":{"rendered":"<p>105 g\/m\u00b255% algod\u00f3n, 45% poli\u00e9sterCanes\u00fa traseroSisas con pespuntes a una agujaCosturas y mangas a doble agujaDobladillo redondeado2 plieges en la espaldaBot\u00f3n de repuestoEntalladoEtiqueta tejidaF\u00e1cil<\/p>","protected":false},"featured_media":425817,"comment_status":"open","ping_status":"closed","template":"","meta":{"_acf_changed":false},"product_brand":[11672],"product_cat":[13938,13930,13973],"product_tag":[],"class_list":{"0":"post-396994","1":"product","2":"type-product","3":"status-publish","4":"has-post-thumbnail","6":"product_brand-kustom-kit","7":"product_cat-camisas-corporativas","8":"product_cat-laboral","9":"product_cat-ropa","10":"tm-no-options","12":"first","13":"instock","14":"taxable","15":"shipping-taxable","16":"product-type-variable"},"acf":[],"_links":{"self":[{"href":"https:\/\/grupotextil.es\/ca\/wp-json\/wp\/v2\/product\/396994","targetHints":{"allow":["GET"]}}],"collection":[{"href":"https:\/\/grupotextil.es\/ca\/wp-json\/wp\/v2\/product"}],"about":[{"href":"https:\/\/grupotextil.es\/ca\/wp-json\/wp\/v2\/types\/product"}],"replies":[{"embeddable":true,"href":"https:\/\/grupotextil.es\/ca\/wp-json\/wp\/v2\/comments?post=396994"}],"wp:featuredmedia":[{"embeddable":true,"href":"https:\/\/grupotextil.es\/ca\/wp-json\/wp\/v2\/media\/425817"}],"wp:attachment":[{"href":"https:\/\/grupotextil.es\/ca\/wp-json\/wp\/v2\/media?parent=396994"}],"wp:term":[{"taxonomy":"product_brand","embeddable":true,"href":"https:\/\/grupotextil.es\/ca\/wp-json\/wp\/v2\/product_brand?post=396994"},{"taxonomy":"product_cat","embeddable":true,"href":"https:\/\/grupotextil.es\/ca\/wp-json\/wp\/v2\/product_cat?post=396994"},{"taxonomy":"product_tag","embeddable":true,"href":"https:\/\/grupotextil.es\/ca\/wp-json\/wp\/v2\/product_tag?post=396994"}],"curies":[{"name":"wp","href":"https:\/\/api.w.org\/{rel}","templated":true}]}}