{"id":397000,"date":"2026-03-08T05:14:02","date_gmt":"2026-03-08T04:14:02","guid":{"rendered":"https:\/\/grupotextil.es\/producto\/bota-de-seguridad-kane\/"},"modified":"2026-03-08T05:14:02","modified_gmt":"2026-03-08T04:14:02","slug":"bota-de-seguridad-kane","status":"publish","type":"product","link":"https:\/\/grupotextil.es\/ca\/product\/bota-de-seguridad-kane\/","title":{"rendered":"Bota Safety Kane"},"content":{"rendered":"<ul>\n<li>Parte superior: cuero (con panel lateral el\u00e1stico)<\/li>\n<li>Forrada parcialmente de malla con acolchado ligero<\/li>\n<li>Con tiradores<\/li>\n<li>Paneles laterales de ventilaci\u00f3n<\/li>\n<li>Punta de acero<\/li>\n<li>Tal\u00f3n de absorci\u00f3n de energ\u00eda (c\u00e1mara de aire)<\/li>\n<li>Entresuela de acero<\/li>\n<li>Suela: poliuretano (c\u00e1mara de aire)<\/li>\n<li>SRC antideslizante y resistente al aceite<\/li>\n<li>EN ISO 20345:2011 S3 SRC<\/li>\n<li>Para m\u00e1s tallas para este art\u00edculo, consulta el producto 794.33.<\/li>\n<\/ul>","protected":false},"excerpt":{"rendered":"<p>Parte superior: cuero (con panel lateral el\u00e1stico)Forrada parcialmente de malla con acolchado ligeroCon tiradoresPaneles laterales de ventilaci\u00f3nPunta de aceroTal\u00f3n de absorci\u00f3n de energ\u00eda (c\u00e1mara &#8230;<\/p>","protected":false},"featured_media":425823,"comment_status":"open","ping_status":"closed","template":"","meta":{"_acf_changed":false},"product_brand":[11669],"product_cat":[13938,13930,13973],"product_tag":[],"class_list":{"0":"post-397000","1":"product","2":"type-product","3":"status-publish","4":"has-post-thumbnail","6":"product_brand-result","7":"product_cat-camisas-corporativas","8":"product_cat-laboral","9":"product_cat-ropa","10":"tm-no-options","12":"first","13":"instock","14":"taxable","15":"shipping-taxable","16":"product-type-variable"},"acf":[],"_links":{"self":[{"href":"https:\/\/grupotextil.es\/ca\/wp-json\/wp\/v2\/product\/397000","targetHints":{"allow":["GET"]}}],"collection":[{"href":"https:\/\/grupotextil.es\/ca\/wp-json\/wp\/v2\/product"}],"about":[{"href":"https:\/\/grupotextil.es\/ca\/wp-json\/wp\/v2\/types\/product"}],"replies":[{"embeddable":true,"href":"https:\/\/grupotextil.es\/ca\/wp-json\/wp\/v2\/comments?post=397000"}],"wp:featuredmedia":[{"embeddable":true,"href":"https:\/\/grupotextil.es\/ca\/wp-json\/wp\/v2\/media\/425823"}],"wp:attachment":[{"href":"https:\/\/grupotextil.es\/ca\/wp-json\/wp\/v2\/media?parent=397000"}],"wp:term":[{"taxonomy":"product_brand","embeddable":true,"href":"https:\/\/grupotextil.es\/ca\/wp-json\/wp\/v2\/product_brand?post=397000"},{"taxonomy":"product_cat","embeddable":true,"href":"https:\/\/grupotextil.es\/ca\/wp-json\/wp\/v2\/product_cat?post=397000"},{"taxonomy":"product_tag","embeddable":true,"href":"https:\/\/grupotextil.es\/ca\/wp-json\/wp\/v2\/product_tag?post=397000"}],"curies":[{"name":"wp","href":"https:\/\/api.w.org\/{rel}","templated":true}]}}