{"id":397256,"date":"2026-03-08T05:16:09","date_gmt":"2026-03-08T04:16:09","guid":{"rendered":"https:\/\/grupotextil.es\/producto\/chaleco-de-seguridad-core-nino\/"},"modified":"2026-03-08T05:16:09","modified_gmt":"2026-03-08T04:16:09","slug":"chaleco-de-seguridad-core-nino","status":"publish","type":"product","link":"https:\/\/grupotextil.es\/ca\/product\/chaleco-de-seguridad-core-nino\/","title":{"rendered":"Vest Safety Core Kids"},"content":{"rendered":"<ul>\n<li>120 g\/m\u00b2<\/li>\n<li>100% poli\u00e9ster<\/li>\n<li>Tama\u00f1o generoso permitiendo llevarse sobre otras prendas<\/li>\n<li>Extremos de poli\u00e9ster gris<\/li>\n<li>Bandas de 50 mm cosidas<\/li>\n<li>EN 1150<\/li>\n<\/ul>","protected":false},"excerpt":{"rendered":"<p>120 g\/m\u00b2100% poli\u00e9sterTama\u00f1o generoso permitiendo llevarse sobre otras prendasExtremos de poli\u00e9ster grisBandas de 50 mm cosidasEN 1150<\/p>","protected":false},"featured_media":425882,"comment_status":"open","ping_status":"closed","template":"","meta":{"_acf_changed":false},"product_brand":[11669],"product_cat":[13981,13990,13974,13975,13973],"product_tag":[14009],"class_list":{"0":"post-397256","1":"product","2":"type-product","3":"status-publish","4":"has-post-thumbnail","6":"product_brand-result","7":"product_cat-h-chaquetas-y-abrigos","8":"product_cat-m-chaquetas-y-abrigos","9":"product_cat-ropa-hombre","10":"product_cat-ropa-mujer","11":"product_cat-ropa","12":"product_tag-top-ventas","13":"tm-no-options","15":"first","16":"instock","17":"taxable","18":"shipping-taxable","19":"product-type-variable"},"acf":[],"_links":{"self":[{"href":"https:\/\/grupotextil.es\/ca\/wp-json\/wp\/v2\/product\/397256","targetHints":{"allow":["GET"]}}],"collection":[{"href":"https:\/\/grupotextil.es\/ca\/wp-json\/wp\/v2\/product"}],"about":[{"href":"https:\/\/grupotextil.es\/ca\/wp-json\/wp\/v2\/types\/product"}],"replies":[{"embeddable":true,"href":"https:\/\/grupotextil.es\/ca\/wp-json\/wp\/v2\/comments?post=397256"}],"wp:featuredmedia":[{"embeddable":true,"href":"https:\/\/grupotextil.es\/ca\/wp-json\/wp\/v2\/media\/425882"}],"wp:attachment":[{"href":"https:\/\/grupotextil.es\/ca\/wp-json\/wp\/v2\/media?parent=397256"}],"wp:term":[{"taxonomy":"product_brand","embeddable":true,"href":"https:\/\/grupotextil.es\/ca\/wp-json\/wp\/v2\/product_brand?post=397256"},{"taxonomy":"product_cat","embeddable":true,"href":"https:\/\/grupotextil.es\/ca\/wp-json\/wp\/v2\/product_cat?post=397256"},{"taxonomy":"product_tag","embeddable":true,"href":"https:\/\/grupotextil.es\/ca\/wp-json\/wp\/v2\/product_tag?post=397256"}],"curies":[{"name":"wp","href":"https:\/\/api.w.org\/{rel}","templated":true}]}}