{"id":397407,"date":"2026-03-08T05:16:16","date_gmt":"2026-03-08T04:16:16","guid":{"rendered":"https:\/\/grupotextil.es\/producto\/chaqueta-polar-con-capucha-lux-para-hombre\/"},"modified":"2026-03-08T05:16:16","modified_gmt":"2026-03-08T04:16:16","slug":"chaqueta-polar-con-capucha-lux-para-hombre","status":"publish","type":"product","link":"https:\/\/grupotextil.es\/ca\/product\/chaqueta-polar-con-capucha-lux-para-hombre\/","title":{"rendered":"Chaqueta Polar con capucha Lux para hombre"},"content":{"rendered":"<ul>\n<li>280 g\/m\u00b2<\/li>\n<li>100% poli\u00e9ster multifilamento<\/li>\n<li>Polar de punto con tratamiento anti-pilling<\/li>\n<li>Chaqueta de polar con capucha, c\u00e1lida y el\u00e1stica<\/li>\n<li>Cremalleras SBS ocultas de alta calidad<\/li>\n<li>Capucha de 3 piezas<\/li>\n<\/ul>","protected":false},"excerpt":{"rendered":"<p>280 g\/m\u00b2100% poli\u00e9ster multifilamentoPolar de punto con tratamiento anti-pillingChaqueta de polar con capucha, c\u00e1lida y el\u00e1sticaCremalleras SBS ocultas de alta calidadCapucha de 3 piezas<\/p>","protected":false},"featured_media":425911,"comment_status":"open","ping_status":"closed","template":"","meta":{"_acf_changed":false},"product_brand":[11658],"product_cat":[13981,13990,13974,13975,13973],"product_tag":[],"class_list":{"0":"post-397407","1":"product","2":"type-product","3":"status-publish","4":"has-post-thumbnail","6":"product_brand-stedman","7":"product_cat-h-chaquetas-y-abrigos","8":"product_cat-m-chaquetas-y-abrigos","9":"product_cat-ropa-hombre","10":"product_cat-ropa-mujer","11":"product_cat-ropa","12":"tm-no-options","14":"first","15":"instock","16":"taxable","17":"shipping-taxable","18":"product-type-variable"},"acf":[],"_links":{"self":[{"href":"https:\/\/grupotextil.es\/ca\/wp-json\/wp\/v2\/product\/397407","targetHints":{"allow":["GET"]}}],"collection":[{"href":"https:\/\/grupotextil.es\/ca\/wp-json\/wp\/v2\/product"}],"about":[{"href":"https:\/\/grupotextil.es\/ca\/wp-json\/wp\/v2\/types\/product"}],"replies":[{"embeddable":true,"href":"https:\/\/grupotextil.es\/ca\/wp-json\/wp\/v2\/comments?post=397407"}],"wp:featuredmedia":[{"embeddable":true,"href":"https:\/\/grupotextil.es\/ca\/wp-json\/wp\/v2\/media\/425911"}],"wp:attachment":[{"href":"https:\/\/grupotextil.es\/ca\/wp-json\/wp\/v2\/media?parent=397407"}],"wp:term":[{"taxonomy":"product_brand","embeddable":true,"href":"https:\/\/grupotextil.es\/ca\/wp-json\/wp\/v2\/product_brand?post=397407"},{"taxonomy":"product_cat","embeddable":true,"href":"https:\/\/grupotextil.es\/ca\/wp-json\/wp\/v2\/product_cat?post=397407"},{"taxonomy":"product_tag","embeddable":true,"href":"https:\/\/grupotextil.es\/ca\/wp-json\/wp\/v2\/product_tag?post=397407"}],"curies":[{"name":"wp","href":"https:\/\/api.w.org\/{rel}","templated":true}]}}