{"id":397430,"date":"2026-03-08T05:16:51","date_gmt":"2026-03-08T04:16:51","guid":{"rendered":"https:\/\/grupotextil.es\/producto\/softshell-core-mujer\/"},"modified":"2026-03-08T05:16:51","modified_gmt":"2026-03-08T04:16:51","slug":"softshell-core-mujer","status":"publish","type":"product","link":"https:\/\/grupotextil.es\/ca\/product\/softshell-core-mujer\/","title":{"rendered":"Softshell Core mujer"},"content":{"rendered":"<ul>\n<li>290 g\/m\u00b2<\/li>\n<li>Exterior: 100% poli\u00e9ster<\/li>\n<li>Capa intermedia: impermeable (5000 mm), transpirable (1000 g\/m\u00b2 en 24h) y a prueba de viento (membrana TPU)<\/li>\n<li>Capa interior: 100% poli\u00e9ster, relleno micropolar gris<\/li>\n<li>Cremallera entera<\/li>\n<li>Super stretch en 4 direcciones<\/li>\n<li>Solapa interior cortaviento<\/li>\n<li>Corte c\u00f3modo<\/li>\n<li>2 bolsillos con cremallera<\/li>\n<li>Cintura ajustada.<\/li>\n<li>COLORES DESCATALOGADOS: Se retiran 2 colores de la colecci\u00f3n Falk&amp;Ross (Todav\u00eda est\u00e1n en el portfolio del fabricante).<\/li>\n<\/ul>","protected":false},"excerpt":{"rendered":"<p>290 g\/m\u00b2Exterior: 100% poli\u00e9sterCapa intermedia: impermeable (5000 mm), transpirable (1000 g\/m\u00b2 en 24h) y a prueba de viento (membrana TPU)Capa interior: 100% poli\u00e9ster, relleno micropolar grisCrem&#8230;<\/p>","protected":false},"featured_media":425915,"comment_status":"open","ping_status":"closed","template":"","meta":{"_acf_changed":false},"product_brand":[11669],"product_cat":[13981,13990,13974,13975,13973],"product_tag":[],"class_list":{"0":"post-397430","1":"product","2":"type-product","3":"status-publish","4":"has-post-thumbnail","6":"product_brand-result","7":"product_cat-h-chaquetas-y-abrigos","8":"product_cat-m-chaquetas-y-abrigos","9":"product_cat-ropa-hombre","10":"product_cat-ropa-mujer","11":"product_cat-ropa","12":"tm-no-options","14":"first","15":"instock","16":"taxable","17":"shipping-taxable","18":"product-type-variable"},"acf":[],"_links":{"self":[{"href":"https:\/\/grupotextil.es\/ca\/wp-json\/wp\/v2\/product\/397430","targetHints":{"allow":["GET"]}}],"collection":[{"href":"https:\/\/grupotextil.es\/ca\/wp-json\/wp\/v2\/product"}],"about":[{"href":"https:\/\/grupotextil.es\/ca\/wp-json\/wp\/v2\/types\/product"}],"replies":[{"embeddable":true,"href":"https:\/\/grupotextil.es\/ca\/wp-json\/wp\/v2\/comments?post=397430"}],"wp:featuredmedia":[{"embeddable":true,"href":"https:\/\/grupotextil.es\/ca\/wp-json\/wp\/v2\/media\/425915"}],"wp:attachment":[{"href":"https:\/\/grupotextil.es\/ca\/wp-json\/wp\/v2\/media?parent=397430"}],"wp:term":[{"taxonomy":"product_brand","embeddable":true,"href":"https:\/\/grupotextil.es\/ca\/wp-json\/wp\/v2\/product_brand?post=397430"},{"taxonomy":"product_cat","embeddable":true,"href":"https:\/\/grupotextil.es\/ca\/wp-json\/wp\/v2\/product_cat?post=397430"},{"taxonomy":"product_tag","embeddable":true,"href":"https:\/\/grupotextil.es\/ca\/wp-json\/wp\/v2\/product_tag?post=397430"}],"curies":[{"name":"wp","href":"https:\/\/api.w.org\/{rel}","templated":true}]}}