{"id":397603,"date":"2026-03-08T05:17:27","date_gmt":"2026-03-08T04:17:27","guid":{"rendered":"https:\/\/grupotextil.es\/producto\/chaqueta-3-en-1-acolchado\/"},"modified":"2026-03-08T05:17:27","modified_gmt":"2026-03-08T04:17:27","slug":"chaqueta-3-en-1-acolchado","status":"publish","type":"product","link":"https:\/\/grupotextil.es\/ca\/product\/chaqueta-3-en-1-acolchado\/","title":{"rendered":"Jacket 3-en-1 acolchado"},"content":{"rendered":"<ul>\n<li>Chaqueta exterior: Exterior: 100% poli\u00e9ster (190T pongee, Storm-ri 2000)<\/li>\n<li>Forro: 100% poli\u00e9ster (malla), mangas: 100% poli\u00e9ster (taffeta)<\/li>\n<li>Corta viento e impermeable (2.000 mm)<\/li>\n<li>Costuras totalmente selladas<\/li>\n<li>Capucha integrada<\/li>\n<li>2 bolsillos frontales con solapa, bolsillo interior<\/li>\n<li>Cremallera con solapa<\/li>\n<li>Pu\u00f1os el\u00e1sticos ajustables<\/li>\n<li>Acceso para decoraci\u00f3n: dobladillo inferior<\/li>\n<li>Adecuado para transfer, bordados e impresi\u00f3n directa<\/li>\n<li>Chaleco interior: exterior: 100% poli\u00e9ster (210T, taffeta) con capa A\/C cosido a cuadrados de 2&#215;2<\/li>\n<li>Interior: 140g\/m\u00b2, 100 poli\u00e9ster<\/li>\n<li>Forro: 100% poli\u00e9ster (taffeta)<\/li>\n<li>2 bolsillos en el chaleco<\/li>\n<li>COLORES DESCATALOGADOS: Se retiran 1 colores de la colecci\u00f3n Falk&amp;Ross (Todav\u00eda est\u00e1n en el portfolio del fabricante).<\/li>\n<\/ul>","protected":false},"excerpt":{"rendered":"<p>Chaqueta exterior: Exterior: 100% poli\u00e9ster (190T pongee, Storm-ri 2000)Forro: 100% poli\u00e9ster (malla), mangas: 100% poli\u00e9ster (taffeta)Corta viento e impermeable (2.<\/p>","protected":false},"featured_media":425955,"comment_status":"open","ping_status":"closed","template":"","meta":{"_acf_changed":false},"product_brand":[11669],"product_cat":[13981,13990,13974,13975,13973],"product_tag":[],"class_list":{"0":"post-397603","1":"product","2":"type-product","3":"status-publish","4":"has-post-thumbnail","6":"product_brand-result","7":"product_cat-h-chaquetas-y-abrigos","8":"product_cat-m-chaquetas-y-abrigos","9":"product_cat-ropa-hombre","10":"product_cat-ropa-mujer","11":"product_cat-ropa","12":"tm-no-options","14":"first","15":"instock","16":"taxable","17":"shipping-taxable","18":"product-type-variable"},"acf":[],"_links":{"self":[{"href":"https:\/\/grupotextil.es\/ca\/wp-json\/wp\/v2\/product\/397603","targetHints":{"allow":["GET"]}}],"collection":[{"href":"https:\/\/grupotextil.es\/ca\/wp-json\/wp\/v2\/product"}],"about":[{"href":"https:\/\/grupotextil.es\/ca\/wp-json\/wp\/v2\/types\/product"}],"replies":[{"embeddable":true,"href":"https:\/\/grupotextil.es\/ca\/wp-json\/wp\/v2\/comments?post=397603"}],"wp:featuredmedia":[{"embeddable":true,"href":"https:\/\/grupotextil.es\/ca\/wp-json\/wp\/v2\/media\/425955"}],"wp:attachment":[{"href":"https:\/\/grupotextil.es\/ca\/wp-json\/wp\/v2\/media?parent=397603"}],"wp:term":[{"taxonomy":"product_brand","embeddable":true,"href":"https:\/\/grupotextil.es\/ca\/wp-json\/wp\/v2\/product_brand?post=397603"},{"taxonomy":"product_cat","embeddable":true,"href":"https:\/\/grupotextil.es\/ca\/wp-json\/wp\/v2\/product_cat?post=397603"},{"taxonomy":"product_tag","embeddable":true,"href":"https:\/\/grupotextil.es\/ca\/wp-json\/wp\/v2\/product_tag?post=397603"}],"curies":[{"name":"wp","href":"https:\/\/api.w.org\/{rel}","templated":true}]}}