{"id":397636,"date":"2026-03-08T05:17:29","date_gmt":"2026-03-08T04:17:29","guid":{"rendered":"https:\/\/grupotextil.es\/producto\/chaleco-reversible-polar-fluo\/"},"modified":"2026-03-08T05:17:29","modified_gmt":"2026-03-08T04:17:29","slug":"chaleco-reversible-polar-fluo","status":"publish","type":"product","link":"https:\/\/grupotextil.es\/ca\/product\/chaleco-reversible-polar-fluo\/","title":{"rendered":"Vest reversible polar Fluo"},"content":{"rendered":"<ul>\n<li>280 g\/m\u00b2 100% poli\u00e9ster<\/li>\n<li>NO Impermeable, pero SIrepele el agua<\/li>\n<li>reversible, la cara interior es de forro polar<\/li>\n<li>Cierre de cremallera<\/li>\n<li>2 bolsillos interiores y 2 bolsillos exteriores<\/li>\n<li>Ligero, c\u00e1lido y c\u00f3modo<\/li>\n<li>Debido a los cambios aduaneros del BREXIT, estamos experimentando serios retrasos en las entregas de producto YOKO. Contacta con nuestro servicio de atenci\u00f3n al cliente para m\u00e1s informaci\u00f3n o para la b\u00fasqueda de una alternativa<\/li>\n<\/ul>","protected":false},"excerpt":{"rendered":"<p>280 g\/m\u00b2 100% poli\u00e9sterNO Impermeable, pero SIrepele el aguareversible, la cara interior es de forro polarCierre de cremallera2 bolsillos interiores y 2 bolsillos exterioresLigero, c\u00e1lido y c\u00f3modoD&#8230;<\/p>","protected":false},"featured_media":425968,"comment_status":"open","ping_status":"closed","template":"","meta":{"_acf_changed":false},"product_brand":[11663],"product_cat":[13981,13990,13974,13975,13973],"product_tag":[],"class_list":{"0":"post-397636","1":"product","2":"type-product","3":"status-publish","4":"has-post-thumbnail","6":"product_brand-yoko","7":"product_cat-h-chaquetas-y-abrigos","8":"product_cat-m-chaquetas-y-abrigos","9":"product_cat-ropa-hombre","10":"product_cat-ropa-mujer","11":"product_cat-ropa","12":"tm-no-options","14":"first","15":"instock","16":"taxable","17":"shipping-taxable","18":"product-type-variable"},"acf":[],"_links":{"self":[{"href":"https:\/\/grupotextil.es\/ca\/wp-json\/wp\/v2\/product\/397636","targetHints":{"allow":["GET"]}}],"collection":[{"href":"https:\/\/grupotextil.es\/ca\/wp-json\/wp\/v2\/product"}],"about":[{"href":"https:\/\/grupotextil.es\/ca\/wp-json\/wp\/v2\/types\/product"}],"replies":[{"embeddable":true,"href":"https:\/\/grupotextil.es\/ca\/wp-json\/wp\/v2\/comments?post=397636"}],"wp:featuredmedia":[{"embeddable":true,"href":"https:\/\/grupotextil.es\/ca\/wp-json\/wp\/v2\/media\/425968"}],"wp:attachment":[{"href":"https:\/\/grupotextil.es\/ca\/wp-json\/wp\/v2\/media?parent=397636"}],"wp:term":[{"taxonomy":"product_brand","embeddable":true,"href":"https:\/\/grupotextil.es\/ca\/wp-json\/wp\/v2\/product_brand?post=397636"},{"taxonomy":"product_cat","embeddable":true,"href":"https:\/\/grupotextil.es\/ca\/wp-json\/wp\/v2\/product_cat?post=397636"},{"taxonomy":"product_tag","embeddable":true,"href":"https:\/\/grupotextil.es\/ca\/wp-json\/wp\/v2\/product_tag?post=397636"}],"curies":[{"name":"wp","href":"https:\/\/api.w.org\/{rel}","templated":true}]}}