{"id":397727,"date":"2026-03-08T05:17:33","date_gmt":"2026-03-08T04:17:33","guid":{"rendered":"https:\/\/grupotextil.es\/producto\/capucha-manga-montada-nino-hooded-softshell-kids\/"},"modified":"2026-03-08T05:17:33","modified_gmt":"2026-03-08T04:17:33","slug":"capucha-manga-montada-nino-hooded-softshell-kids","status":"publish","type":"product","link":"https:\/\/grupotextil.es\/ca\/product\/capucha-manga-montada-nino-hooded-softshell-kids\/","title":{"rendered":"Capucha manga montada ni\u00f1o con capucha SoftshellKids"},"content":{"rendered":"<ul>\n<li>94% poli\u00e9ster, 6% elast\u00e1n<\/li>\n<li>Capa intermedia: membrana transpirable con micro agujeros<\/li>\n<li>Interior: tejido micro-polar 100% poli\u00e9ster antibolitas y forro de malla 100% poli\u00e9ster en paneles frontales<\/li>\n<li>Capucha pasamonta\u00f1as desmontable<\/li>\n<li>Etiqueta para el nombre y la clase<\/li>\n<li>Manga montada<\/li>\n<li>Tapeta interior entera de tejido polar<\/li>\n<li>Cremalleras invertidas para un aspecto moderno<\/li>\n<li>Pu\u00f1os ajustables y tiradores de pl\u00e1stico<\/li>\n<li>Bajo ajustable (con cord\u00f3n el\u00e1stico y topes)<\/li>\n<li>Parte posterior m\u00e1s larga<\/li>\n<li>Impermeable: 5000 mm<\/li>\n<li>Transpirable: 1000 MVP<\/li>\n<\/ul>","protected":false},"excerpt":{"rendered":"<p>94% poli\u00e9ster, 6% elast\u00e1nCapa intermedia: membrana transpirable con micro agujerosInterior: tejido micro-polar 100% poli\u00e9ster antibolitas y forro de malla 100% poli\u00e9ster en paneles frontalesCapucha pa<\/p>","protected":false},"featured_media":425992,"comment_status":"open","ping_status":"closed","template":"","meta":{"_acf_changed":false},"product_brand":[11653],"product_cat":[13931,13981,13990,13974,13930,13975,13973],"product_tag":[],"class_list":{"0":"post-397727","1":"product","2":"type-product","3":"status-publish","4":"has-post-thumbnail","6":"product_brand-b-c","7":"product_cat-rl-alta-visibilidad","8":"product_cat-h-chaquetas-y-abrigos","9":"product_cat-m-chaquetas-y-abrigos","10":"product_cat-ropa-hombre","11":"product_cat-laboral","12":"product_cat-ropa-mujer","13":"product_cat-ropa","14":"tm-no-options","16":"first","17":"instock","18":"taxable","19":"shipping-taxable","20":"product-type-variable"},"acf":[],"_links":{"self":[{"href":"https:\/\/grupotextil.es\/ca\/wp-json\/wp\/v2\/product\/397727","targetHints":{"allow":["GET"]}}],"collection":[{"href":"https:\/\/grupotextil.es\/ca\/wp-json\/wp\/v2\/product"}],"about":[{"href":"https:\/\/grupotextil.es\/ca\/wp-json\/wp\/v2\/types\/product"}],"replies":[{"embeddable":true,"href":"https:\/\/grupotextil.es\/ca\/wp-json\/wp\/v2\/comments?post=397727"}],"wp:featuredmedia":[{"embeddable":true,"href":"https:\/\/grupotextil.es\/ca\/wp-json\/wp\/v2\/media\/425992"}],"wp:attachment":[{"href":"https:\/\/grupotextil.es\/ca\/wp-json\/wp\/v2\/media?parent=397727"}],"wp:term":[{"taxonomy":"product_brand","embeddable":true,"href":"https:\/\/grupotextil.es\/ca\/wp-json\/wp\/v2\/product_brand?post=397727"},{"taxonomy":"product_cat","embeddable":true,"href":"https:\/\/grupotextil.es\/ca\/wp-json\/wp\/v2\/product_cat?post=397727"},{"taxonomy":"product_tag","embeddable":true,"href":"https:\/\/grupotextil.es\/ca\/wp-json\/wp\/v2\/product_tag?post=397727"}],"curies":[{"name":"wp","href":"https:\/\/api.w.org\/{rel}","templated":true}]}}