{"id":398794,"date":"2026-03-08T05:19:55","date_gmt":"2026-03-08T04:19:55","guid":{"rendered":"https:\/\/grupotextil.es\/producto\/chaqueta-olympia-mujer\/"},"modified":"2026-03-08T05:19:55","modified_gmt":"2026-03-08T04:19:55","slug":"chaqueta-olympia-mujer","status":"publish","type":"product","link":"https:\/\/grupotextil.es\/ca\/product\/chaqueta-olympia-mujer\/","title":{"rendered":"Chaqueta Olympia mujer"},"content":{"rendered":"<ul>\n<li>104 g\/m\u00b2<\/li>\n<li>100% Poli\u00e9ster (Ripstop)<\/li>\n<li>Forro: 100% Poli\u00e9ster<\/li>\n<li>Impermeable (5000) transpirable<\/li>\n<li>Acabado repelente al agua libre de PFC<\/li>\n<li>Capucha ajustable<\/li>\n<li>Cremallera completa con solapa interior<\/li>\n<li>Mangas articuladas<\/li>\n<li>Bolsillos en el pecho y laterales con cremallera<\/li>\n<li>Costuras selladas<\/li>\n<li>Pu\u00f1os ajustables<\/li>\n<li>Dobladillo ajustable con cord\u00f3n<\/li>\n<li>Ajustado.<\/li>\n<li>Este producto est\u00e1 respaldado por una garant\u00eda de 5 a\u00f1os.<\/li>\n<\/ul>","protected":false},"excerpt":{"rendered":"<p>104 g\/m\u00b2100% Poli\u00e9ster (Ripstop)Forro: 100% Poli\u00e9sterImpermeable (5000) transpirableAcabado repelente al agua libre de PFCCapucha ajustableCremallera completa con solapa interiorMangas articuladasB&#8230;<\/p>","protected":false},"featured_media":426316,"comment_status":"open","ping_status":"closed","template":"","meta":{"_acf_changed":false},"product_brand":[11664],"product_cat":[13990,13974,13975,13973],"product_tag":[],"class_list":{"0":"post-398794","1":"product","2":"type-product","3":"status-publish","4":"has-post-thumbnail","6":"product_brand-stormtech","7":"product_cat-m-chaquetas-y-abrigos","8":"product_cat-ropa-hombre","9":"product_cat-ropa-mujer","10":"product_cat-ropa","11":"tm-no-options","13":"first","14":"instock","15":"taxable","16":"shipping-taxable","17":"product-type-variable"},"acf":[],"_links":{"self":[{"href":"https:\/\/grupotextil.es\/ca\/wp-json\/wp\/v2\/product\/398794","targetHints":{"allow":["GET"]}}],"collection":[{"href":"https:\/\/grupotextil.es\/ca\/wp-json\/wp\/v2\/product"}],"about":[{"href":"https:\/\/grupotextil.es\/ca\/wp-json\/wp\/v2\/types\/product"}],"replies":[{"embeddable":true,"href":"https:\/\/grupotextil.es\/ca\/wp-json\/wp\/v2\/comments?post=398794"}],"wp:featuredmedia":[{"embeddable":true,"href":"https:\/\/grupotextil.es\/ca\/wp-json\/wp\/v2\/media\/426316"}],"wp:attachment":[{"href":"https:\/\/grupotextil.es\/ca\/wp-json\/wp\/v2\/media?parent=398794"}],"wp:term":[{"taxonomy":"product_brand","embeddable":true,"href":"https:\/\/grupotextil.es\/ca\/wp-json\/wp\/v2\/product_brand?post=398794"},{"taxonomy":"product_cat","embeddable":true,"href":"https:\/\/grupotextil.es\/ca\/wp-json\/wp\/v2\/product_cat?post=398794"},{"taxonomy":"product_tag","embeddable":true,"href":"https:\/\/grupotextil.es\/ca\/wp-json\/wp\/v2\/product_tag?post=398794"}],"curies":[{"name":"wp","href":"https:\/\/api.w.org\/{rel}","templated":true}]}}