{"id":398858,"date":"2026-03-08T05:20:22","date_gmt":"2026-03-08T04:20:22","guid":{"rendered":"https:\/\/grupotextil.es\/producto\/sudadera-con-capucha-acolchada-nautilus-hombre\/"},"modified":"2026-03-08T05:20:22","modified_gmt":"2026-03-08T04:20:22","slug":"sudadera-con-capucha-acolchada-nautilus-hombre","status":"publish","type":"product","link":"https:\/\/grupotextil.es\/ca\/product\/sudadera-con-capucha-acolchada-nautilus-hombre\/","title":{"rendered":"Sudadera con capucha acolchada Nautilus hombre"},"content":{"rendered":"<ul>\n<li>90 g\/m\u00b2<\/li>\n<li>100% poli\u00e9ster (Pongee)<\/li>\n<li>Forro t\u00e9rmico ultraligero y suave<\/li>\n<li>Acabado repelente al agua duradero sin PFC<\/li>\n<li>Capucha t\u00e9rmica de cobertura total ajustable<\/li>\n<li>Cremallera completa con solapa interior y protector de barbilla<\/li>\n<li>Bolsillos laterales con cremallera<\/li>\n<li>Bolsillo interior en el pecho<\/li>\n<li>Pu\u00f1os el\u00e1sticos<\/li>\n<li>Dobladillo ajustable<\/li>\n<li>Acceso para la decoraci\u00f3n<\/li>\n<li>Este producto est\u00e1 respaldado por una garant\u00eda de 5 a\u00f1os.<\/li>\n<\/ul>","protected":false},"excerpt":{"rendered":"<p>90 g\/m\u00b2100% poli\u00e9ster (Pongee)Forro t\u00e9rmico ultraligero y suaveAcabado repelente al agua duradero sin PFCCapucha t\u00e9rmica de cobertura total ajustableCremallera completa con solapa interior y protec&#8230;<\/p>","protected":false},"featured_media":426336,"comment_status":"open","ping_status":"closed","template":"","meta":{"_acf_changed":false},"product_brand":[11664],"product_cat":[13990,13974,13975,13973],"product_tag":[],"class_list":{"0":"post-398858","1":"product","2":"type-product","3":"status-publish","4":"has-post-thumbnail","6":"product_brand-stormtech","7":"product_cat-m-chaquetas-y-abrigos","8":"product_cat-ropa-hombre","9":"product_cat-ropa-mujer","10":"product_cat-ropa","11":"tm-no-options","13":"first","14":"instock","15":"taxable","16":"shipping-taxable","17":"product-type-variable"},"acf":[],"_links":{"self":[{"href":"https:\/\/grupotextil.es\/ca\/wp-json\/wp\/v2\/product\/398858","targetHints":{"allow":["GET"]}}],"collection":[{"href":"https:\/\/grupotextil.es\/ca\/wp-json\/wp\/v2\/product"}],"about":[{"href":"https:\/\/grupotextil.es\/ca\/wp-json\/wp\/v2\/types\/product"}],"replies":[{"embeddable":true,"href":"https:\/\/grupotextil.es\/ca\/wp-json\/wp\/v2\/comments?post=398858"}],"wp:featuredmedia":[{"embeddable":true,"href":"https:\/\/grupotextil.es\/ca\/wp-json\/wp\/v2\/media\/426336"}],"wp:attachment":[{"href":"https:\/\/grupotextil.es\/ca\/wp-json\/wp\/v2\/media?parent=398858"}],"wp:term":[{"taxonomy":"product_brand","embeddable":true,"href":"https:\/\/grupotextil.es\/ca\/wp-json\/wp\/v2\/product_brand?post=398858"},{"taxonomy":"product_cat","embeddable":true,"href":"https:\/\/grupotextil.es\/ca\/wp-json\/wp\/v2\/product_cat?post=398858"},{"taxonomy":"product_tag","embeddable":true,"href":"https:\/\/grupotextil.es\/ca\/wp-json\/wp\/v2\/product_tag?post=398858"}],"curies":[{"name":"wp","href":"https:\/\/api.w.org\/{rel}","templated":true}]}}