{"id":398872,"date":"2026-03-08T05:20:39","date_gmt":"2026-03-08T04:20:39","guid":{"rendered":"https:\/\/grupotextil.es\/producto\/set-de-accesorios-polar\/"},"modified":"2026-03-08T05:20:39","modified_gmt":"2026-03-08T04:20:39","slug":"set-de-accesorios-polar","status":"publish","type":"product","link":"https:\/\/grupotextil.es\/ca\/product\/set-de-accesorios-polar\/","title":{"rendered":"Set de accesorios polar"},"content":{"rendered":"<ul>\n<li>200 g\/m\u00b2<\/li>\n<li>100% poli\u00e9ster polar<\/li>\n<li>Anti-bolitas<\/li>\n<li>Guantes, gorro y bufanda<\/li>\n<li>COLORES DESCATALOGADOS: Se retiran 2 colores de la colecci\u00f3n Falk&amp;Ross (Todav\u00eda est\u00e1n en el portfolio del fabricante).<\/li>\n<\/ul>","protected":false},"excerpt":{"rendered":"<p>200 g\/m\u00b2100% poli\u00e9ster polarAnti-bolitasGuantes, gorro y bufandaCOLORES DESCATALOGADOS: Se retiran 2 colores de la colecci\u00f3n Falk&#038;Ross (Todav\u00eda est\u00e1n en el portfolio del fabricante).<\/p>","protected":false},"featured_media":426339,"comment_status":"open","ping_status":"closed","template":"","meta":{"_acf_changed":false},"product_brand":[11669],"product_cat":[13990,13974,13975,13973],"product_tag":[],"class_list":{"0":"post-398872","1":"product","2":"type-product","3":"status-publish","4":"has-post-thumbnail","6":"product_brand-result","7":"product_cat-m-chaquetas-y-abrigos","8":"product_cat-ropa-hombre","9":"product_cat-ropa-mujer","10":"product_cat-ropa","11":"tm-no-options","13":"first","14":"instock","15":"taxable","16":"shipping-taxable","17":"product-type-variable"},"acf":[],"_links":{"self":[{"href":"https:\/\/grupotextil.es\/ca\/wp-json\/wp\/v2\/product\/398872","targetHints":{"allow":["GET"]}}],"collection":[{"href":"https:\/\/grupotextil.es\/ca\/wp-json\/wp\/v2\/product"}],"about":[{"href":"https:\/\/grupotextil.es\/ca\/wp-json\/wp\/v2\/types\/product"}],"replies":[{"embeddable":true,"href":"https:\/\/grupotextil.es\/ca\/wp-json\/wp\/v2\/comments?post=398872"}],"wp:featuredmedia":[{"embeddable":true,"href":"https:\/\/grupotextil.es\/ca\/wp-json\/wp\/v2\/media\/426339"}],"wp:attachment":[{"href":"https:\/\/grupotextil.es\/ca\/wp-json\/wp\/v2\/media?parent=398872"}],"wp:term":[{"taxonomy":"product_brand","embeddable":true,"href":"https:\/\/grupotextil.es\/ca\/wp-json\/wp\/v2\/product_brand?post=398872"},{"taxonomy":"product_cat","embeddable":true,"href":"https:\/\/grupotextil.es\/ca\/wp-json\/wp\/v2\/product_cat?post=398872"},{"taxonomy":"product_tag","embeddable":true,"href":"https:\/\/grupotextil.es\/ca\/wp-json\/wp\/v2\/product_tag?post=398872"}],"curies":[{"name":"wp","href":"https:\/\/api.w.org\/{rel}","templated":true}]}}