{"id":398882,"date":"2026-03-08T05:20:40","date_gmt":"2026-03-08T04:20:40","guid":{"rendered":"https:\/\/grupotextil.es\/producto\/chaqueta-termica-nostromo-hombre\/"},"modified":"2026-03-08T05:20:40","modified_gmt":"2026-03-08T04:20:40","slug":"chaqueta-termica-nostromo-hombre","status":"publish","type":"product","link":"https:\/\/grupotextil.es\/ca\/product\/chaqueta-termica-nostromo-hombre\/","title":{"rendered":"Chaqueta t\u00e9rmica Nostromo hombre"},"content":{"rendered":"<ul>\n<li>120 g\/m\u00b2<\/li>\n<li>100% poli\u00e9ster (tejido el\u00e1stico)<\/li>\n<li>Cortaviento, impermeable (15.000 mm) y transpirable (10.000 g\/m\u00b2 en 24h)<\/li>\n<li>Forro de tafet\u00e1n de nailon ultraligero<\/li>\n<li>Capucha de cobertura total ajustable<\/li>\n<li>Cremallera completa impermeable con solapa interior y protector de barbilla<\/li>\n<li>Bolsillo impermeable en el pecho con cremallera<\/li>\n<li>Bolsillos calientamanos con cremallera<\/li>\n<li>Bolsillo interior en el pecho<\/li>\n<li>Bolsillo interior de malla<\/li>\n<li>Codos de acci\u00f3n articulados<\/li>\n<li>Dobladillo ajustable<\/li>\n<li>Costuras totalmente selladas<\/li>\n<li>Este producto est\u00e1 respaldado por una garant\u00eda de 5 a\u00f1os.<\/li>\n<\/ul>","protected":false},"excerpt":{"rendered":"<p>120 g\/m\u00b2100% poli\u00e9ster (tejido el\u00e1stico)Cortaviento, impermeable (15.<\/p>","protected":false},"featured_media":426342,"comment_status":"open","ping_status":"closed","template":"","meta":{"_acf_changed":false},"product_brand":[11664],"product_cat":[13990,13974,13975,13973],"product_tag":[],"class_list":{"0":"post-398882","1":"product","2":"type-product","3":"status-publish","4":"has-post-thumbnail","6":"product_brand-stormtech","7":"product_cat-m-chaquetas-y-abrigos","8":"product_cat-ropa-hombre","9":"product_cat-ropa-mujer","10":"product_cat-ropa","11":"tm-no-options","13":"first","14":"instock","15":"taxable","16":"shipping-taxable","17":"product-type-variable"},"acf":[],"_links":{"self":[{"href":"https:\/\/grupotextil.es\/ca\/wp-json\/wp\/v2\/product\/398882","targetHints":{"allow":["GET"]}}],"collection":[{"href":"https:\/\/grupotextil.es\/ca\/wp-json\/wp\/v2\/product"}],"about":[{"href":"https:\/\/grupotextil.es\/ca\/wp-json\/wp\/v2\/types\/product"}],"replies":[{"embeddable":true,"href":"https:\/\/grupotextil.es\/ca\/wp-json\/wp\/v2\/comments?post=398882"}],"wp:featuredmedia":[{"embeddable":true,"href":"https:\/\/grupotextil.es\/ca\/wp-json\/wp\/v2\/media\/426342"}],"wp:attachment":[{"href":"https:\/\/grupotextil.es\/ca\/wp-json\/wp\/v2\/media?parent=398882"}],"wp:term":[{"taxonomy":"product_brand","embeddable":true,"href":"https:\/\/grupotextil.es\/ca\/wp-json\/wp\/v2\/product_brand?post=398882"},{"taxonomy":"product_cat","embeddable":true,"href":"https:\/\/grupotextil.es\/ca\/wp-json\/wp\/v2\/product_cat?post=398882"},{"taxonomy":"product_tag","embeddable":true,"href":"https:\/\/grupotextil.es\/ca\/wp-json\/wp\/v2\/product_tag?post=398882"}],"curies":[{"name":"wp","href":"https:\/\/api.w.org\/{rel}","templated":true}]}}