{"id":399479,"date":"2026-03-08T05:24:12","date_gmt":"2026-03-08T04:24:12","guid":{"rendered":"https:\/\/grupotextil.es\/producto\/softshell-imprimible-ablaze-mujer\/"},"modified":"2026-03-08T05:24:12","modified_gmt":"2026-03-08T04:24:12","slug":"softshell-imprimible-ablaze-mujer","status":"publish","type":"product","link":"https:\/\/grupotextil.es\/ca\/product\/softshell-imprimible-ablaze-mujer\/","title":{"rendered":"Softshell imprimible Ablaze mujer"},"content":{"rendered":"<ul>\n<li>265 g\/m\u00b2<\/li>\n<li>100% poli\u00e9ster reciclado parcialmente<\/li>\n<li>Tejido softshell dorso c\u00e1lido<\/li>\n<li>Cremallera completa con solapa interior y protector de barbilla<\/li>\n<li>2 bolsillos inferiores laterales<\/li>\n<li>Dobladillo con cord\u00f3n ajustable<\/li>\n<li>Adecuado para bordado, serigraf\u00eda, transfer y vinilo<\/li>\n<li>Bajos ajustados.<\/li>\n<\/ul>","protected":false},"excerpt":{"rendered":"<p>265 g\/m\u00b2100% poli\u00e9ster reciclado parcialmenteTejido softshell dorso c\u00e1lidoCremallera completa con solapa interior y protector de barbilla2 bolsillos inferiores lateralesDobladillo con cord\u00f3n ajusta&#8230;<\/p>","protected":false},"featured_media":426509,"comment_status":"open","ping_status":"closed","template":"","meta":{"_acf_changed":false},"product_brand":[11656],"product_cat":[13931,13981,13990,13974,13930,13975,13973],"product_tag":[],"class_list":{"0":"post-399479","1":"product","2":"type-product","3":"status-publish","4":"has-post-thumbnail","6":"product_brand-regatta","7":"product_cat-rl-alta-visibilidad","8":"product_cat-h-chaquetas-y-abrigos","9":"product_cat-m-chaquetas-y-abrigos","10":"product_cat-ropa-hombre","11":"product_cat-laboral","12":"product_cat-ropa-mujer","13":"product_cat-ropa","14":"tm-no-options","16":"first","17":"instock","18":"taxable","19":"shipping-taxable","20":"product-type-variable"},"acf":[],"_links":{"self":[{"href":"https:\/\/grupotextil.es\/ca\/wp-json\/wp\/v2\/product\/399479","targetHints":{"allow":["GET"]}}],"collection":[{"href":"https:\/\/grupotextil.es\/ca\/wp-json\/wp\/v2\/product"}],"about":[{"href":"https:\/\/grupotextil.es\/ca\/wp-json\/wp\/v2\/types\/product"}],"replies":[{"embeddable":true,"href":"https:\/\/grupotextil.es\/ca\/wp-json\/wp\/v2\/comments?post=399479"}],"wp:featuredmedia":[{"embeddable":true,"href":"https:\/\/grupotextil.es\/ca\/wp-json\/wp\/v2\/media\/426509"}],"wp:attachment":[{"href":"https:\/\/grupotextil.es\/ca\/wp-json\/wp\/v2\/media?parent=399479"}],"wp:term":[{"taxonomy":"product_brand","embeddable":true,"href":"https:\/\/grupotextil.es\/ca\/wp-json\/wp\/v2\/product_brand?post=399479"},{"taxonomy":"product_cat","embeddable":true,"href":"https:\/\/grupotextil.es\/ca\/wp-json\/wp\/v2\/product_cat?post=399479"},{"taxonomy":"product_tag","embeddable":true,"href":"https:\/\/grupotextil.es\/ca\/wp-json\/wp\/v2\/product_tag?post=399479"}],"curies":[{"name":"wp","href":"https:\/\/api.w.org\/{rel}","templated":true}]}}