{"id":399550,"date":"2026-03-08T05:24:14","date_gmt":"2026-03-08T04:24:14","guid":{"rendered":"https:\/\/grupotextil.es\/producto\/chaleco-acolchado-con-aislamiento\/"},"modified":"2026-03-08T05:24:14","modified_gmt":"2026-03-08T04:24:14","slug":"chaleco-acolchado-con-aislamiento","status":"publish","type":"product","link":"https:\/\/grupotextil.es\/ca\/product\/chaleco-acolchado-con-aislamiento\/","title":{"rendered":"Vest acolchado con aislamiento"},"content":{"rendered":"<ul>\n<li>84 g\/m\u00b2<\/li>\n<li>Exterior: 100% poli\u00e9ster reciclado parcialmente (popelina micro), acolchado<\/li>\n<li>Relleno: 180 g\/m\u00b2, 100% poli\u00e9ster, aislamiento t\u00e9rmico<\/li>\n<li>Forro: 100% poli\u00e9ster (tafet\u00e1n)<\/li>\n<li>Hidr\u00f3fugo<\/li>\n<li>Cremallera completa con solapa interior y protector de barbilla<\/li>\n<li>2 bolsillos laterales<\/li>\n<li>Cremallera oculta en el interior para acceso al bordado<\/li>\n<li>Adecuado para bordado, serigraf\u00eda, transfer y vinilo<\/li>\n<\/ul>","protected":false},"excerpt":{"rendered":"<p>84 g\/m\u00b2Exterior: 100% poli\u00e9ster reciclado parcialmente (popelina micro), acolchadoRelleno: 180 g\/m\u00b2, 100% poli\u00e9ster, aislamiento t\u00e9rmicoForro: 100% poli\u00e9ster (tafet\u00e1n)Hidr\u00f3fugoCremallera completa con<\/p>","protected":false},"featured_media":426529,"comment_status":"open","ping_status":"closed","template":"","meta":{"_acf_changed":false},"product_brand":[11656],"product_cat":[13982,13991,13990,13981,13974,13975,13973],"product_tag":[14009],"class_list":{"0":"post-399550","1":"product","2":"type-product","3":"status-publish","4":"has-post-thumbnail","6":"product_brand-regatta","7":"product_cat-h-chalecos","8":"product_cat-m-chalecos","9":"product_cat-m-chaquetas-y-abrigos","10":"product_cat-h-chaquetas-y-abrigos","11":"product_cat-ropa-hombre","12":"product_cat-ropa-mujer","13":"product_cat-ropa","14":"product_tag-top-ventas","15":"tm-no-options","17":"first","18":"instock","19":"taxable","20":"shipping-taxable","21":"product-type-variable"},"acf":[],"_links":{"self":[{"href":"https:\/\/grupotextil.es\/ca\/wp-json\/wp\/v2\/product\/399550","targetHints":{"allow":["GET"]}}],"collection":[{"href":"https:\/\/grupotextil.es\/ca\/wp-json\/wp\/v2\/product"}],"about":[{"href":"https:\/\/grupotextil.es\/ca\/wp-json\/wp\/v2\/types\/product"}],"replies":[{"embeddable":true,"href":"https:\/\/grupotextil.es\/ca\/wp-json\/wp\/v2\/comments?post=399550"}],"wp:featuredmedia":[{"embeddable":true,"href":"https:\/\/grupotextil.es\/ca\/wp-json\/wp\/v2\/media\/426529"}],"wp:attachment":[{"href":"https:\/\/grupotextil.es\/ca\/wp-json\/wp\/v2\/media?parent=399550"}],"wp:term":[{"taxonomy":"product_brand","embeddable":true,"href":"https:\/\/grupotextil.es\/ca\/wp-json\/wp\/v2\/product_brand?post=399550"},{"taxonomy":"product_cat","embeddable":true,"href":"https:\/\/grupotextil.es\/ca\/wp-json\/wp\/v2\/product_cat?post=399550"},{"taxonomy":"product_tag","embeddable":true,"href":"https:\/\/grupotextil.es\/ca\/wp-json\/wp\/v2\/product_tag?post=399550"}],"curies":[{"name":"wp","href":"https:\/\/api.w.org\/{rel}","templated":true}]}}