{"id":399623,"date":"2026-03-08T05:24:17","date_gmt":"2026-03-08T04:24:17","guid":{"rendered":"https:\/\/grupotextil.es\/producto\/polar-cremallera-entera-nino-2\/"},"modified":"2026-03-08T05:24:17","modified_gmt":"2026-03-08T04:24:17","slug":"polar-cremallera-entera-nino-2","status":"publish","type":"product","link":"https:\/\/grupotextil.es\/ca\/product\/polar-cremallera-entera-nino-2\/","title":{"rendered":"Polar Full Zip Kids"},"content":{"rendered":"<ul>\n<li>330 g\/m\u00b2<\/li>\n<li>100% poli\u00e9ster<\/li>\n<li>Acabado antibolitas<\/li>\n<li>Cremallera con etiqueta Result<\/li>\n<li>2 bolsillos grandes frontales con contorno cosido<\/li>\n<li>Pu\u00f1os el\u00e1sticos<\/li>\n<li>Tri\u00e1ngulo reflectante 3M\u2122 Scotchlite\u2122 en la parte delantera<\/li>\n<li>Cord\u00f3n ajustable en el dobladillo (seg\u00fan EN14682)<\/li>\n<li>Adecuado para bordado, serigraf\u00eda y transfer serigr\u00e1fico y transfer digital<\/li>\n<li>Lavable a 60\u00baC<\/li>\n<li>COLORES DESCATALOGADOS: Se retiran 2 colores de la colecci\u00f3n Falk&amp;Ross (Todav\u00eda est\u00e1n en el portfolio del fabricante).<\/li>\n<\/ul>","protected":false},"excerpt":{"rendered":"<p>330 g\/m\u00b2100% poli\u00e9sterAcabado antibolitasCremallera con etiqueta Result2 bolsillos grandes frontales con contorno cosidoPu\u00f1os el\u00e1sticosTri\u00e1ngulo reflectante 3M\u2122 Scotchlite\u2122 en la parte delanteraCor&#8230;<\/p>","protected":false},"featured_media":426555,"comment_status":"open","ping_status":"closed","template":"","meta":{"_acf_changed":false},"product_brand":[11669],"product_cat":[13991,13982,13981,13990,13974,13975,13973],"product_tag":[],"class_list":{"0":"post-399623","1":"product","2":"type-product","3":"status-publish","4":"has-post-thumbnail","6":"product_brand-result","7":"product_cat-m-chalecos","8":"product_cat-h-chalecos","9":"product_cat-h-chaquetas-y-abrigos","10":"product_cat-m-chaquetas-y-abrigos","11":"product_cat-ropa-hombre","12":"product_cat-ropa-mujer","13":"product_cat-ropa","14":"tm-no-options","16":"first","17":"instock","18":"taxable","19":"shipping-taxable","20":"product-type-variable"},"acf":[],"_links":{"self":[{"href":"https:\/\/grupotextil.es\/ca\/wp-json\/wp\/v2\/product\/399623","targetHints":{"allow":["GET"]}}],"collection":[{"href":"https:\/\/grupotextil.es\/ca\/wp-json\/wp\/v2\/product"}],"about":[{"href":"https:\/\/grupotextil.es\/ca\/wp-json\/wp\/v2\/types\/product"}],"replies":[{"embeddable":true,"href":"https:\/\/grupotextil.es\/ca\/wp-json\/wp\/v2\/comments?post=399623"}],"wp:featuredmedia":[{"embeddable":true,"href":"https:\/\/grupotextil.es\/ca\/wp-json\/wp\/v2\/media\/426555"}],"wp:attachment":[{"href":"https:\/\/grupotextil.es\/ca\/wp-json\/wp\/v2\/media?parent=399623"}],"wp:term":[{"taxonomy":"product_brand","embeddable":true,"href":"https:\/\/grupotextil.es\/ca\/wp-json\/wp\/v2\/product_brand?post=399623"},{"taxonomy":"product_cat","embeddable":true,"href":"https:\/\/grupotextil.es\/ca\/wp-json\/wp\/v2\/product_cat?post=399623"},{"taxonomy":"product_tag","embeddable":true,"href":"https:\/\/grupotextil.es\/ca\/wp-json\/wp\/v2\/product_tag?post=399623"}],"curies":[{"name":"wp","href":"https:\/\/api.w.org\/{rel}","templated":true}]}}