{"id":400111,"date":"2026-03-08T05:24:41","date_gmt":"2026-03-08T04:24:41","guid":{"rendered":"https:\/\/grupotextil.es\/producto\/chaqueta-hombre-de-seguridad\/"},"modified":"2026-03-08T05:24:41","modified_gmt":"2026-03-08T04:24:41","slug":"chaqueta-hombre-de-seguridad","status":"publish","type":"product","link":"https:\/\/grupotextil.es\/ca\/product\/chaqueta-hombre-de-seguridad\/","title":{"rendered":"Chaqueta hombre de seguridad"},"content":{"rendered":"<ul>\n<li>100% poli\u00e9ster (75D)<\/li>\n<li>Relleno y forro (gris): 100% poli\u00e9ster<\/li>\n<li>EN ISO 20471:2013 + A1, Clase 2 (S-M), Clase 3 (L-4XL)<\/li>\n<li>Tacto suave, ligero y c\u00e1lido<\/li>\n<li>Cuello alto<\/li>\n<li>Tirador interior<\/li>\n<li>Cremallera completa YKK<\/li>\n<li>Bolsillo lateral con cremallera, bolsillo en el pecho y bolsillo interior<\/li>\n<li>Manga y dobladillo inferior ajustados para evitar la suciedad<\/li>\n<li>Ribetes en los extremos de la manga y e la parte inferior<\/li>\n<li>Espalda m\u00e1s larga<\/li>\n<li>Adecuado para bordado<\/li>\n<li>Cintas cosidas de seguridad de 50 mm<\/li>\n<li>RIS-3279-TOM (solo Naranja fluorescente\/ Gris).<\/li>\n<\/ul>","protected":false},"excerpt":{"rendered":"<p>100% poli\u00e9ster (75D)Relleno y forro (gris): 100% poli\u00e9sterEN ISO 20471:2013 + A1, Clase 2 (S-M), Clase 3 (L-4XL)Tacto suave, ligero y c\u00e1lidoCuello altoTirador interiorCremallera completa YKKBolsill&#8230;<\/p>","protected":false},"featured_media":426693,"comment_status":"open","ping_status":"closed","template":"","meta":{"_acf_changed":false},"product_brand":[11669],"product_cat":[13991,13981,13990,13974,13930,13975,13973],"product_tag":[],"class_list":{"0":"post-400111","1":"product","2":"type-product","3":"status-publish","4":"has-post-thumbnail","6":"product_brand-result","7":"product_cat-m-chalecos","8":"product_cat-h-chaquetas-y-abrigos","9":"product_cat-m-chaquetas-y-abrigos","10":"product_cat-ropa-hombre","11":"product_cat-laboral","12":"product_cat-ropa-mujer","13":"product_cat-ropa","14":"tm-no-options","16":"first","17":"instock","18":"taxable","19":"shipping-taxable","20":"product-type-variable"},"acf":[],"_links":{"self":[{"href":"https:\/\/grupotextil.es\/ca\/wp-json\/wp\/v2\/product\/400111","targetHints":{"allow":["GET"]}}],"collection":[{"href":"https:\/\/grupotextil.es\/ca\/wp-json\/wp\/v2\/product"}],"about":[{"href":"https:\/\/grupotextil.es\/ca\/wp-json\/wp\/v2\/types\/product"}],"replies":[{"embeddable":true,"href":"https:\/\/grupotextil.es\/ca\/wp-json\/wp\/v2\/comments?post=400111"}],"wp:featuredmedia":[{"embeddable":true,"href":"https:\/\/grupotextil.es\/ca\/wp-json\/wp\/v2\/media\/426693"}],"wp:attachment":[{"href":"https:\/\/grupotextil.es\/ca\/wp-json\/wp\/v2\/media?parent=400111"}],"wp:term":[{"taxonomy":"product_brand","embeddable":true,"href":"https:\/\/grupotextil.es\/ca\/wp-json\/wp\/v2\/product_brand?post=400111"},{"taxonomy":"product_cat","embeddable":true,"href":"https:\/\/grupotextil.es\/ca\/wp-json\/wp\/v2\/product_cat?post=400111"},{"taxonomy":"product_tag","embeddable":true,"href":"https:\/\/grupotextil.es\/ca\/wp-json\/wp\/v2\/product_tag?post=400111"}],"curies":[{"name":"wp","href":"https:\/\/api.w.org\/{rel}","templated":true}]}}