{"id":400398,"date":"2026-03-08T05:25:18","date_gmt":"2026-03-08T04:25:18","guid":{"rendered":"https:\/\/grupotextil.es\/producto\/micropolar-casico\/"},"modified":"2026-03-08T05:25:18","modified_gmt":"2026-03-08T04:25:18","slug":"micropolar-casico","status":"publish","type":"product","link":"https:\/\/grupotextil.es\/ca\/product\/micropolar-casico\/","title":{"rendered":"Micropolar C\u00e1sico"},"content":{"rendered":"<ul>\n<li>170 g\/m\u00b2<\/li>\n<li>100% poli\u00e9ster reciclado parcialmente (microfibra serie 170)<\/li>\n<li>Layer lite fabric technology<\/li>\n<li>Secado r\u00e1pido y f\u00e1cil cuidado<\/li>\n<li>Tejido de buen rendimiento<\/li>\n<li>Cremallera entera<\/li>\n<li>2 bolsillos inferiores<\/li>\n<li>Pu\u00f1os de vell\u00f3n<\/li>\n<\/ul>","protected":false},"excerpt":{"rendered":"<p>170 g\/m\u00b2100% poli\u00e9ster reciclado parcialmente (microfibra serie 170)Layer lite fabric technologySecado r\u00e1pido y f\u00e1cil cuidadoTejido de buen rendimientoCremallera entera2 bolsillos inferioresPu\u00f1os de v<\/p>","protected":false},"featured_media":426783,"comment_status":"open","ping_status":"closed","template":"","meta":{"_acf_changed":false},"product_brand":[11656],"product_cat":[13948,13981,13990,13974,13975,13973],"product_tag":[],"class_list":{"0":"post-400398","1":"product","2":"type-product","3":"status-publish","4":"has-post-thumbnail","6":"product_brand-regatta","7":"product_cat-accesorios","8":"product_cat-h-chaquetas-y-abrigos","9":"product_cat-m-chaquetas-y-abrigos","10":"product_cat-ropa-hombre","11":"product_cat-ropa-mujer","12":"product_cat-ropa","13":"tm-no-options","15":"first","16":"instock","17":"taxable","18":"shipping-taxable","19":"product-type-variable"},"acf":[],"_links":{"self":[{"href":"https:\/\/grupotextil.es\/ca\/wp-json\/wp\/v2\/product\/400398","targetHints":{"allow":["GET"]}}],"collection":[{"href":"https:\/\/grupotextil.es\/ca\/wp-json\/wp\/v2\/product"}],"about":[{"href":"https:\/\/grupotextil.es\/ca\/wp-json\/wp\/v2\/types\/product"}],"replies":[{"embeddable":true,"href":"https:\/\/grupotextil.es\/ca\/wp-json\/wp\/v2\/comments?post=400398"}],"wp:featuredmedia":[{"embeddable":true,"href":"https:\/\/grupotextil.es\/ca\/wp-json\/wp\/v2\/media\/426783"}],"wp:attachment":[{"href":"https:\/\/grupotextil.es\/ca\/wp-json\/wp\/v2\/media?parent=400398"}],"wp:term":[{"taxonomy":"product_brand","embeddable":true,"href":"https:\/\/grupotextil.es\/ca\/wp-json\/wp\/v2\/product_brand?post=400398"},{"taxonomy":"product_cat","embeddable":true,"href":"https:\/\/grupotextil.es\/ca\/wp-json\/wp\/v2\/product_cat?post=400398"},{"taxonomy":"product_tag","embeddable":true,"href":"https:\/\/grupotextil.es\/ca\/wp-json\/wp\/v2\/product_tag?post=400398"}],"curies":[{"name":"wp","href":"https:\/\/api.w.org\/{rel}","templated":true}]}}