{"id":400434,"date":"2026-03-08T05:25:20","date_gmt":"2026-03-08T04:25:20","guid":{"rendered":"https:\/\/grupotextil.es\/producto\/chaqueta-softshell-honestly-made-recycled\/"},"modified":"2026-03-08T05:25:20","modified_gmt":"2026-03-08T04:25:20","slug":"chaqueta-softshell-honestly-made-recycled","status":"publish","type":"product","link":"https:\/\/grupotextil.es\/ca\/product\/chaqueta-softshell-honestly-made-recycled\/","title":{"rendered":"Chaqueta Softshell Honestly Made reciclado"},"content":{"rendered":"<ul>\n<li>100% poli\u00e9ster reciclado<\/li>\n<li>2 capas, ligero y muy suave<\/li>\n<li>Repelente al agua y resistente<\/li>\n<li>Secado r\u00e1pido y resistente al viento<\/li>\n<li>Cuello forrado de vell\u00f3n<\/li>\n<li>Cremallera entera con protector de barbilla<\/li>\n<li>Bolsillo en el pecho con cremallera<\/li>\n<li>Bolsillos laterales con cremallera<\/li>\n<li>Prenda neutra<\/li>\n<\/ul>","protected":false},"excerpt":{"rendered":"<p>100% poli\u00e9ster reciclado2 capas, ligero y muy suaveRepelente al agua y resistenteSecado r\u00e1pido y resistente al vientoCuello forrado de vell\u00f3nCremallera entera con protector de barbillaBolsillo en el p<\/p>","protected":false},"featured_media":426796,"comment_status":"open","ping_status":"closed","template":"","meta":{"_acf_changed":false},"product_brand":[11656],"product_cat":[13948,13990,13981,13974,13975,13973],"product_tag":[],"class_list":{"0":"post-400434","1":"product","2":"type-product","3":"status-publish","4":"has-post-thumbnail","6":"product_brand-regatta","7":"product_cat-accesorios","8":"product_cat-m-chaquetas-y-abrigos","9":"product_cat-h-chaquetas-y-abrigos","10":"product_cat-ropa-hombre","11":"product_cat-ropa-mujer","12":"product_cat-ropa","13":"tm-no-options","15":"first","16":"instock","17":"taxable","18":"shipping-taxable","19":"product-type-variable"},"acf":[],"_links":{"self":[{"href":"https:\/\/grupotextil.es\/ca\/wp-json\/wp\/v2\/product\/400434","targetHints":{"allow":["GET"]}}],"collection":[{"href":"https:\/\/grupotextil.es\/ca\/wp-json\/wp\/v2\/product"}],"about":[{"href":"https:\/\/grupotextil.es\/ca\/wp-json\/wp\/v2\/types\/product"}],"replies":[{"embeddable":true,"href":"https:\/\/grupotextil.es\/ca\/wp-json\/wp\/v2\/comments?post=400434"}],"wp:featuredmedia":[{"embeddable":true,"href":"https:\/\/grupotextil.es\/ca\/wp-json\/wp\/v2\/media\/426796"}],"wp:attachment":[{"href":"https:\/\/grupotextil.es\/ca\/wp-json\/wp\/v2\/media?parent=400434"}],"wp:term":[{"taxonomy":"product_brand","embeddable":true,"href":"https:\/\/grupotextil.es\/ca\/wp-json\/wp\/v2\/product_brand?post=400434"},{"taxonomy":"product_cat","embeddable":true,"href":"https:\/\/grupotextil.es\/ca\/wp-json\/wp\/v2\/product_cat?post=400434"},{"taxonomy":"product_tag","embeddable":true,"href":"https:\/\/grupotextil.es\/ca\/wp-json\/wp\/v2\/product_tag?post=400434"}],"curies":[{"name":"wp","href":"https:\/\/api.w.org\/{rel}","templated":true}]}}