{"id":400467,"date":"2026-03-08T05:25:22","date_gmt":"2026-03-08T04:25:22","guid":{"rendered":"https:\/\/grupotextil.es\/producto\/chaleco-softshell-honestly-made-recycled\/"},"modified":"2026-03-08T05:25:22","modified_gmt":"2026-03-08T04:25:22","slug":"chaleco-softshell-honestly-made-recycled","status":"publish","type":"product","link":"https:\/\/grupotextil.es\/ca\/product\/chaleco-softshell-honestly-made-recycled\/","title":{"rendered":"Chaleco Softshell Honestly Made reciclado"},"content":{"rendered":"<ul>\n<li>270 g\/m\u00b2<\/li>\n<li>100% poli\u00e9ster reciclado<\/li>\n<li>Ligero y muy suave<\/li>\n<li>Repelente al agua y resistente<\/li>\n<li>Secado r\u00e1pido y resistente al viento<\/li>\n<li>Cuello forrado de vell\u00f3n<\/li>\n<li>Cremallera entera con protector de barbilla<\/li>\n<li>Bolsillo en el pecho con cremallera<\/li>\n<li>Bolsillos laterales con cremallera<\/li>\n<li>Prenda neutra<\/li>\n<\/ul>","protected":false},"excerpt":{"rendered":"<p>270 g\/m\u00b2100% poli\u00e9ster recicladoLigero y muy suaveRepelente al agua y resistenteSecado r\u00e1pido y resistente al vientoCuello forrado de vell\u00f3nCremallera entera con protector de barbillaBolsillo en el pe<\/p>","protected":false},"featured_media":426812,"comment_status":"open","ping_status":"closed","template":"","meta":{"_acf_changed":false},"product_brand":[11656],"product_cat":[13948,13981,13990,13974,13975,13973],"product_tag":[14009],"class_list":{"0":"post-400467","1":"product","2":"type-product","3":"status-publish","4":"has-post-thumbnail","6":"product_brand-regatta","7":"product_cat-accesorios","8":"product_cat-h-chaquetas-y-abrigos","9":"product_cat-m-chaquetas-y-abrigos","10":"product_cat-ropa-hombre","11":"product_cat-ropa-mujer","12":"product_cat-ropa","13":"product_tag-top-ventas","14":"tm-no-options","16":"first","17":"instock","18":"taxable","19":"shipping-taxable","20":"product-type-variable"},"acf":[],"_links":{"self":[{"href":"https:\/\/grupotextil.es\/ca\/wp-json\/wp\/v2\/product\/400467","targetHints":{"allow":["GET"]}}],"collection":[{"href":"https:\/\/grupotextil.es\/ca\/wp-json\/wp\/v2\/product"}],"about":[{"href":"https:\/\/grupotextil.es\/ca\/wp-json\/wp\/v2\/types\/product"}],"replies":[{"embeddable":true,"href":"https:\/\/grupotextil.es\/ca\/wp-json\/wp\/v2\/comments?post=400467"}],"wp:featuredmedia":[{"embeddable":true,"href":"https:\/\/grupotextil.es\/ca\/wp-json\/wp\/v2\/media\/426812"}],"wp:attachment":[{"href":"https:\/\/grupotextil.es\/ca\/wp-json\/wp\/v2\/media?parent=400467"}],"wp:term":[{"taxonomy":"product_brand","embeddable":true,"href":"https:\/\/grupotextil.es\/ca\/wp-json\/wp\/v2\/product_brand?post=400467"},{"taxonomy":"product_cat","embeddable":true,"href":"https:\/\/grupotextil.es\/ca\/wp-json\/wp\/v2\/product_cat?post=400467"},{"taxonomy":"product_tag","embeddable":true,"href":"https:\/\/grupotextil.es\/ca\/wp-json\/wp\/v2\/product_tag?post=400467"}],"curies":[{"name":"wp","href":"https:\/\/api.w.org\/{rel}","templated":true}]}}