{"id":400697,"date":"2026-03-08T05:27:10","date_gmt":"2026-03-08T04:27:10","guid":{"rendered":"https:\/\/grupotextil.es\/producto\/estuche-esencial\/"},"modified":"2026-03-08T05:27:10","modified_gmt":"2026-03-08T04:27:10","slug":"estuche-esencial","status":"publish","type":"product","link":"https:\/\/grupotextil.es\/ca\/product\/estuche-esencial\/","title":{"rendered":"Pencil Case Esencial"},"content":{"rendered":"<ul>\n<li>100% poli\u00e9ster (600D)<\/li>\n<li>Asa en un extremo (Producci\u00f3n actual y futura sin asa)<\/li>\n<li>Compartimiento principal con cremallera<\/li>\n<li>Interior lavable<\/li>\n<li>Etiqueta extra\u00edble para facilitar el rebranding<\/li>\n<li>Capacidad: 1 Litro<\/li>\n<li>Medidas: 20.5 x 7 x 6 cm.<\/li>\n<li>Max. bordado: 6 aro tubular<\/li>\n<li>Max. \u00c1rea de impresi\u00f3n: 17 x 6 cm.<\/li>\n<\/ul>","protected":false},"excerpt":{"rendered":"<p>100% poli\u00e9ster (600D)Asa en un extremo (Producci\u00f3n actual y futura sin asa)Compartimiento principal con cremalleraInterior lavableEtiqueta extra\u00edble para facilitar el rebrandingCapacidad: 1 LitroMe&#8230;<\/p>","protected":false},"featured_media":426885,"comment_status":"open","ping_status":"closed","template":"","meta":{"_acf_changed":false},"product_brand":[11668],"product_cat":[13948,13954,13939,13974,13930,13975,13992,13983,13973],"product_tag":[],"class_list":{"0":"post-400697","1":"product","2":"type-product","3":"status-publish","4":"has-post-thumbnail","6":"product_brand-bag-base","7":"product_cat-accesorios","8":"product_cat-acc-bolsas-y-mochilas","9":"product_cat-deportivo","10":"product_cat-ropa-hombre","11":"product_cat-laboral","12":"product_cat-ropa-mujer","13":"product_cat-m-pantalones","14":"product_cat-h-pantalones","15":"product_cat-ropa","16":"tm-no-options","18":"first","19":"instock","20":"taxable","21":"shipping-taxable","22":"product-type-variable"},"acf":[],"_links":{"self":[{"href":"https:\/\/grupotextil.es\/ca\/wp-json\/wp\/v2\/product\/400697","targetHints":{"allow":["GET"]}}],"collection":[{"href":"https:\/\/grupotextil.es\/ca\/wp-json\/wp\/v2\/product"}],"about":[{"href":"https:\/\/grupotextil.es\/ca\/wp-json\/wp\/v2\/types\/product"}],"replies":[{"embeddable":true,"href":"https:\/\/grupotextil.es\/ca\/wp-json\/wp\/v2\/comments?post=400697"}],"wp:featuredmedia":[{"embeddable":true,"href":"https:\/\/grupotextil.es\/ca\/wp-json\/wp\/v2\/media\/426885"}],"wp:attachment":[{"href":"https:\/\/grupotextil.es\/ca\/wp-json\/wp\/v2\/media?parent=400697"}],"wp:term":[{"taxonomy":"product_brand","embeddable":true,"href":"https:\/\/grupotextil.es\/ca\/wp-json\/wp\/v2\/product_brand?post=400697"},{"taxonomy":"product_cat","embeddable":true,"href":"https:\/\/grupotextil.es\/ca\/wp-json\/wp\/v2\/product_cat?post=400697"},{"taxonomy":"product_tag","embeddable":true,"href":"https:\/\/grupotextil.es\/ca\/wp-json\/wp\/v2\/product_tag?post=400697"}],"curies":[{"name":"wp","href":"https:\/\/api.w.org\/{rel}","templated":true}]}}