{"id":400719,"date":"2026-03-08T05:27:11","date_gmt":"2026-03-08T04:27:11","guid":{"rendered":"https:\/\/grupotextil.es\/producto\/nublend-pocketed-jogger-sweatpants\/"},"modified":"2026-03-08T05:27:11","modified_gmt":"2026-03-08T04:27:11","slug":"nublend-pocketed-jogger-sweatpants","status":"publish","type":"product","link":"https:\/\/grupotextil.es\/ca\/product\/nublend-pocketed-jogger-sweatpants\/","title":{"rendered":"NuBlend Pocketed Jogger Sweatpants"},"content":{"rendered":"<ul>\n<li>244 g\/m\u00b2<\/li>\n<li>60% Algod\u00f3n, 40% Poli\u00e9ster (NuBlend\u00ae preencogido)<\/li>\n<li>Vell\u00f3n de 2 extremos resistente a bolitas NuBlend\u00ae<\/li>\n<li>Confeccionado con algod\u00f3n cultivado en EE. UU. de origen sostenible<\/li>\n<li>Alta densidad de puntada para un lienzo de impresi\u00f3n suave<\/li>\n<li>Cinturilla el\u00e1stica recubierta de tres agujas con cord\u00f3n externo<\/li>\n<li>Cord\u00f3n en contraste y bolsillos laterales (en gris carb\u00f3n, excepto en negro jaspeado, que tiene contraste en negro)<\/li>\n<li>Pu\u00f1os de canal\u00e9 1&#215;1 con spandex para estiramiento y recuperaci\u00f3n.<\/li>\n<li>Alza diferencial para un mejor ajuste.<\/li>\n<\/ul>","protected":false},"excerpt":{"rendered":"<p>244 g\/m\u00b260% Algod\u00f3n, 40% Poli\u00e9ster (NuBlend\u00ae preencogido)Vell\u00f3n de 2 extremos resistente a bolitas NuBlend\u00aeConfeccionado con algod\u00f3n cultivado en EE. UU.<\/p>","protected":false},"featured_media":426904,"comment_status":"open","ping_status":"closed","template":"","meta":{"_acf_changed":false},"product_brand":[11674],"product_cat":[13948,13954,13939,13974,13930,13975,13992,13983,13973],"product_tag":[],"class_list":{"0":"post-400719","1":"product","2":"type-product","3":"status-publish","4":"has-post-thumbnail","6":"product_brand-jerzees","7":"product_cat-accesorios","8":"product_cat-acc-bolsas-y-mochilas","9":"product_cat-deportivo","10":"product_cat-ropa-hombre","11":"product_cat-laboral","12":"product_cat-ropa-mujer","13":"product_cat-m-pantalones","14":"product_cat-h-pantalones","15":"product_cat-ropa","16":"tm-no-options","18":"first","19":"instock","20":"taxable","21":"shipping-taxable","22":"product-type-variable"},"acf":[],"_links":{"self":[{"href":"https:\/\/grupotextil.es\/ca\/wp-json\/wp\/v2\/product\/400719","targetHints":{"allow":["GET"]}}],"collection":[{"href":"https:\/\/grupotextil.es\/ca\/wp-json\/wp\/v2\/product"}],"about":[{"href":"https:\/\/grupotextil.es\/ca\/wp-json\/wp\/v2\/types\/product"}],"replies":[{"embeddable":true,"href":"https:\/\/grupotextil.es\/ca\/wp-json\/wp\/v2\/comments?post=400719"}],"wp:featuredmedia":[{"embeddable":true,"href":"https:\/\/grupotextil.es\/ca\/wp-json\/wp\/v2\/media\/426904"}],"wp:attachment":[{"href":"https:\/\/grupotextil.es\/ca\/wp-json\/wp\/v2\/media?parent=400719"}],"wp:term":[{"taxonomy":"product_brand","embeddable":true,"href":"https:\/\/grupotextil.es\/ca\/wp-json\/wp\/v2\/product_brand?post=400719"},{"taxonomy":"product_cat","embeddable":true,"href":"https:\/\/grupotextil.es\/ca\/wp-json\/wp\/v2\/product_cat?post=400719"},{"taxonomy":"product_tag","embeddable":true,"href":"https:\/\/grupotextil.es\/ca\/wp-json\/wp\/v2\/product_tag?post=400719"}],"curies":[{"name":"wp","href":"https:\/\/api.w.org\/{rel}","templated":true}]}}