{"id":400757,"date":"2026-03-08T05:27:57","date_gmt":"2026-03-08T04:27:57","guid":{"rendered":"https:\/\/grupotextil.es\/producto\/heavy-sweatpants\/"},"modified":"2026-03-08T05:27:57","modified_gmt":"2026-03-08T04:27:57","slug":"heavy-sweatpants","status":"publish","type":"product","link":"https:\/\/grupotextil.es\/ca\/product\/heavy-sweatpants\/","title":{"rendered":"Heavy Sweatpants"},"content":{"rendered":"<ul>\n<li>300 g\/m\u00b2<\/li>\n<li>65 % algod\u00f3n, 35 % poli\u00e9ster, forro polar cepillado<\/li>\n<li>Pu\u00f1o en la cintura con cordones redondos.<\/li>\n<li>Dos bolsillos en la parte delantera, un bolsillo trasero<\/li>\n<li>Pu\u00f1o el\u00e1stico en el dobladillo.<\/li>\n<li>Corte recto<\/li>\n<li>Fabricado en una f\u00e1brica certificada por FAMA.<\/li>\n<\/ul>","protected":false},"excerpt":{"rendered":"<p>300 g\/m\u00b265 % algod\u00f3n, 35 % poli\u00e9ster, forro polar cepilladoPu\u00f1o en la cintura con cordones redondos.<\/p>","protected":false},"featured_media":426910,"comment_status":"open","ping_status":"closed","template":"","meta":{"_acf_changed":false},"product_brand":[11675],"product_cat":[13948,13954,13939,13974,13930,13975,13983,13992,13973],"product_tag":[14009],"class_list":{"0":"post-400757","1":"product","2":"type-product","3":"status-publish","4":"has-post-thumbnail","6":"product_brand-build-your-brand","7":"product_cat-accesorios","8":"product_cat-acc-bolsas-y-mochilas","9":"product_cat-deportivo","10":"product_cat-ropa-hombre","11":"product_cat-laboral","12":"product_cat-ropa-mujer","13":"product_cat-h-pantalones","14":"product_cat-m-pantalones","15":"product_cat-ropa","16":"product_tag-top-ventas","17":"tm-no-options","19":"first","20":"instock","21":"taxable","22":"shipping-taxable","23":"product-type-variable"},"acf":[],"_links":{"self":[{"href":"https:\/\/grupotextil.es\/ca\/wp-json\/wp\/v2\/product\/400757","targetHints":{"allow":["GET"]}}],"collection":[{"href":"https:\/\/grupotextil.es\/ca\/wp-json\/wp\/v2\/product"}],"about":[{"href":"https:\/\/grupotextil.es\/ca\/wp-json\/wp\/v2\/types\/product"}],"replies":[{"embeddable":true,"href":"https:\/\/grupotextil.es\/ca\/wp-json\/wp\/v2\/comments?post=400757"}],"wp:featuredmedia":[{"embeddable":true,"href":"https:\/\/grupotextil.es\/ca\/wp-json\/wp\/v2\/media\/426910"}],"wp:attachment":[{"href":"https:\/\/grupotextil.es\/ca\/wp-json\/wp\/v2\/media?parent=400757"}],"wp:term":[{"taxonomy":"product_brand","embeddable":true,"href":"https:\/\/grupotextil.es\/ca\/wp-json\/wp\/v2\/product_brand?post=400757"},{"taxonomy":"product_cat","embeddable":true,"href":"https:\/\/grupotextil.es\/ca\/wp-json\/wp\/v2\/product_cat?post=400757"},{"taxonomy":"product_tag","embeddable":true,"href":"https:\/\/grupotextil.es\/ca\/wp-json\/wp\/v2\/product_tag?post=400757"}],"curies":[{"name":"wp","href":"https:\/\/api.w.org\/{rel}","templated":true}]}}