{"id":400772,"date":"2026-03-08T05:27:58","date_gmt":"2026-03-08T04:27:58","guid":{"rendered":"https:\/\/grupotextil.es\/producto\/mens-regular-sweatpants\/"},"modified":"2026-03-08T05:27:58","modified_gmt":"2026-03-08T04:27:58","slug":"mens-regular-sweatpants","status":"publish","type":"product","link":"https:\/\/grupotextil.es\/ca\/product\/mens-regular-sweatpants\/","title":{"rendered":"Mens Regular Sweatpants"},"content":{"rendered":"<ul>\n<li>260 g\/m\u00b2<\/li>\n<li>80% algod\u00f3n org\u00e1nico, 20% poli\u00e9ster reciclado.<\/li>\n<li>Estilo del Grupo H&amp;M<\/li>\n<li>Puntada de aguja simple y puntada de aguja doble en la cinturilla<\/li>\n<li>Costilla inferior 2&#215;2<\/li>\n<li>Bolsillos laterales<\/li>\n<li>Cintura con cord\u00f3n redondo<\/li>\n<li>El\u00e1stico en la cintura<\/li>\n<li>Sensaci\u00f3n en la mano: peso medio<\/li>\n<li>Suave y fluido<\/li>\n<\/ul>","protected":false},"excerpt":{"rendered":"<p>260 g\/m\u00b280% algod\u00f3n org\u00e1nico, 20% poli\u00e9ster reciclado.<\/p>","protected":false},"featured_media":426912,"comment_status":"open","ping_status":"closed","template":"","meta":{"_acf_changed":false},"product_brand":[11661],"product_cat":[13948,13954,13939,13974,13930,13975,13983,13992,13973],"product_tag":[],"class_list":{"0":"post-400772","1":"product","2":"type-product","3":"status-publish","4":"has-post-thumbnail","6":"product_brand-true-blanks","7":"product_cat-accesorios","8":"product_cat-acc-bolsas-y-mochilas","9":"product_cat-deportivo","10":"product_cat-ropa-hombre","11":"product_cat-laboral","12":"product_cat-ropa-mujer","13":"product_cat-h-pantalones","14":"product_cat-m-pantalones","15":"product_cat-ropa","16":"tm-no-options","18":"first","19":"instock","20":"taxable","21":"shipping-taxable","22":"product-type-variable"},"acf":[],"_links":{"self":[{"href":"https:\/\/grupotextil.es\/ca\/wp-json\/wp\/v2\/product\/400772","targetHints":{"allow":["GET"]}}],"collection":[{"href":"https:\/\/grupotextil.es\/ca\/wp-json\/wp\/v2\/product"}],"about":[{"href":"https:\/\/grupotextil.es\/ca\/wp-json\/wp\/v2\/types\/product"}],"replies":[{"embeddable":true,"href":"https:\/\/grupotextil.es\/ca\/wp-json\/wp\/v2\/comments?post=400772"}],"wp:featuredmedia":[{"embeddable":true,"href":"https:\/\/grupotextil.es\/ca\/wp-json\/wp\/v2\/media\/426912"}],"wp:attachment":[{"href":"https:\/\/grupotextil.es\/ca\/wp-json\/wp\/v2\/media?parent=400772"}],"wp:term":[{"taxonomy":"product_brand","embeddable":true,"href":"https:\/\/grupotextil.es\/ca\/wp-json\/wp\/v2\/product_brand?post=400772"},{"taxonomy":"product_cat","embeddable":true,"href":"https:\/\/grupotextil.es\/ca\/wp-json\/wp\/v2\/product_cat?post=400772"},{"taxonomy":"product_tag","embeddable":true,"href":"https:\/\/grupotextil.es\/ca\/wp-json\/wp\/v2\/product_tag?post=400772"}],"curies":[{"name":"wp","href":"https:\/\/api.w.org\/{rel}","templated":true}]}}