{"id":400916,"date":"2026-03-08T05:29:05","date_gmt":"2026-03-08T04:29:05","guid":{"rendered":"https:\/\/grupotextil.es\/producto\/pantalon-pro-action-reg\/"},"modified":"2026-03-08T05:29:05","modified_gmt":"2026-03-08T04:29:05","slug":"pantalon-pro-action-reg","status":"publish","type":"product","link":"https:\/\/grupotextil.es\/ca\/product\/pantalon-pro-action-reg\/","title":{"rendered":"Trouser Pro Action (Reg)"},"content":{"rendered":"<ul>\n<li>245 g\/m\u00b2<\/li>\n<li>65% poli\u00e9ster, 35% algod\u00f3n<\/li>\n<li>Acabado duradero repelente al agua<\/li>\n<li>Cintura parcialmente el\u00e1stica con trabillas.<\/li>\n<li>Zip fly apertura<\/li>\n<li>Costura de la entrepierna reforzada.<\/li>\n<li>2 bolsillos delanteros (1 con bolsillo peque\u00f1o para monedas), bolsillo con cremallera m\u00faltiple, bolsillo lateral con cremallera, 2 bolsillos traseros<\/li>\n<li>Bolsillos para rodilleras<\/li>\n<li>Costuras reforzadas con triple costura.<\/li>\n<\/ul>","protected":false},"excerpt":{"rendered":"<p>245 g\/m\u00b265% poli\u00e9ster, 35% algod\u00f3nAcabado duradero repelente al aguaCintura parcialmente el\u00e1stica con trabillas.<\/p>","protected":false},"featured_media":426982,"comment_status":"open","ping_status":"closed","template":"","meta":{"_acf_changed":false},"product_brand":[11656],"product_cat":[13948,13954,13939,13974,13930,13975,13992,13983,13973],"product_tag":[],"class_list":{"0":"post-400916","1":"product","2":"type-product","3":"status-publish","4":"has-post-thumbnail","6":"product_brand-regatta","7":"product_cat-accesorios","8":"product_cat-acc-bolsas-y-mochilas","9":"product_cat-deportivo","10":"product_cat-ropa-hombre","11":"product_cat-laboral","12":"product_cat-ropa-mujer","13":"product_cat-m-pantalones","14":"product_cat-h-pantalones","15":"product_cat-ropa","16":"tm-no-options","18":"first","19":"instock","20":"taxable","21":"shipping-taxable","22":"product-type-variable"},"acf":[],"_links":{"self":[{"href":"https:\/\/grupotextil.es\/ca\/wp-json\/wp\/v2\/product\/400916","targetHints":{"allow":["GET"]}}],"collection":[{"href":"https:\/\/grupotextil.es\/ca\/wp-json\/wp\/v2\/product"}],"about":[{"href":"https:\/\/grupotextil.es\/ca\/wp-json\/wp\/v2\/types\/product"}],"replies":[{"embeddable":true,"href":"https:\/\/grupotextil.es\/ca\/wp-json\/wp\/v2\/comments?post=400916"}],"wp:featuredmedia":[{"embeddable":true,"href":"https:\/\/grupotextil.es\/ca\/wp-json\/wp\/v2\/media\/426982"}],"wp:attachment":[{"href":"https:\/\/grupotextil.es\/ca\/wp-json\/wp\/v2\/media?parent=400916"}],"wp:term":[{"taxonomy":"product_brand","embeddable":true,"href":"https:\/\/grupotextil.es\/ca\/wp-json\/wp\/v2\/product_brand?post=400916"},{"taxonomy":"product_cat","embeddable":true,"href":"https:\/\/grupotextil.es\/ca\/wp-json\/wp\/v2\/product_cat?post=400916"},{"taxonomy":"product_tag","embeddable":true,"href":"https:\/\/grupotextil.es\/ca\/wp-json\/wp\/v2\/product_tag?post=400916"}],"curies":[{"name":"wp","href":"https:\/\/api.w.org\/{rel}","templated":true}]}}