{"id":401137,"date":"2026-03-08T05:30:38","date_gmt":"2026-03-08T04:30:38","guid":{"rendered":"https:\/\/grupotextil.es\/producto\/chaqueta-termica-cremallera-1-4-mujer\/"},"modified":"2026-03-08T05:30:38","modified_gmt":"2026-03-08T04:30:38","slug":"chaqueta-termica-cremallera-1-4-mujer","status":"publish","type":"product","link":"https:\/\/grupotextil.es\/ca\/product\/chaqueta-termica-cremallera-1-4-mujer\/","title":{"rendered":"Chaqueta t\u00e9rmica cremallera 1\/4 mujer"},"content":{"rendered":"<ul>\n<li>240 g\/m\u00b2<\/li>\n<li>95% poli\u00e9ster, 5% elastano (anti-deslizante)<\/li>\n<li>Absorbente a la humedad y transpirable<\/li>\n<li>Cremallera 1\/4 e invertida<\/li>\n<li>Paneles laterales contrastados<\/li>\n<li>Ribete y cremallera en color contrastado<\/li>\n<li>Ajustada<\/li>\n<li>Este producto est\u00e1 respaldado por una garant\u00eda de 5 a\u00f1os.<\/li>\n<\/ul>","protected":false},"excerpt":{"rendered":"<p>240 g\/m\u00b295% poli\u00e9ster, 5% elastano (anti-deslizante)Absorbente a la humedad y transpirableCremallera 1\/4 e invertidaPaneles laterales contrastadosRibete y cremallera en color contrastadoAjustadaEst&#8230;<\/p>","protected":false},"featured_media":427104,"comment_status":"open","ping_status":"closed","template":"","meta":{"_acf_changed":false},"product_brand":[11664],"product_cat":[13948,13954,13939,13974,13930,13975,13992,13983,13973],"product_tag":[],"class_list":{"0":"post-401137","1":"product","2":"type-product","3":"status-publish","4":"has-post-thumbnail","6":"product_brand-stormtech","7":"product_cat-accesorios","8":"product_cat-acc-bolsas-y-mochilas","9":"product_cat-deportivo","10":"product_cat-ropa-hombre","11":"product_cat-laboral","12":"product_cat-ropa-mujer","13":"product_cat-m-pantalones","14":"product_cat-h-pantalones","15":"product_cat-ropa","16":"tm-no-options","18":"first","19":"instock","20":"taxable","21":"shipping-taxable","22":"product-type-variable"},"acf":[],"_links":{"self":[{"href":"https:\/\/grupotextil.es\/ca\/wp-json\/wp\/v2\/product\/401137","targetHints":{"allow":["GET"]}}],"collection":[{"href":"https:\/\/grupotextil.es\/ca\/wp-json\/wp\/v2\/product"}],"about":[{"href":"https:\/\/grupotextil.es\/ca\/wp-json\/wp\/v2\/types\/product"}],"replies":[{"embeddable":true,"href":"https:\/\/grupotextil.es\/ca\/wp-json\/wp\/v2\/comments?post=401137"}],"wp:featuredmedia":[{"embeddable":true,"href":"https:\/\/grupotextil.es\/ca\/wp-json\/wp\/v2\/media\/427104"}],"wp:attachment":[{"href":"https:\/\/grupotextil.es\/ca\/wp-json\/wp\/v2\/media?parent=401137"}],"wp:term":[{"taxonomy":"product_brand","embeddable":true,"href":"https:\/\/grupotextil.es\/ca\/wp-json\/wp\/v2\/product_brand?post=401137"},{"taxonomy":"product_cat","embeddable":true,"href":"https:\/\/grupotextil.es\/ca\/wp-json\/wp\/v2\/product_cat?post=401137"},{"taxonomy":"product_tag","embeddable":true,"href":"https:\/\/grupotextil.es\/ca\/wp-json\/wp\/v2\/product_tag?post=401137"}],"curies":[{"name":"wp","href":"https:\/\/api.w.org\/{rel}","templated":true}]}}