{"id":401160,"date":"2026-03-08T05:31:04","date_gmt":"2026-03-08T04:31:04","guid":{"rendered":"https:\/\/grupotextil.es\/producto\/airside-weekender\/"},"modified":"2026-03-08T05:31:04","modified_gmt":"2026-03-08T04:31:04","slug":"airside-weekender","status":"publish","type":"product","link":"https:\/\/grupotextil.es\/ca\/product\/airside-weekender\/","title":{"rendered":"Airside Weekender"},"content":{"rendered":"<ul>\n<li>252 g\/m\u00b2<\/li>\n<li>100 % poli\u00e9ster 600D (reciclado)<\/li>\n<li>Estilo minimalista<\/li>\n<li>Compartimento principal con cremallera<\/li>\n<li>Revestimiento interior con acabado de primera calidad.<\/li>\n<li>Tres bolsillos deslizantes dentro del compartimento principal.<\/li>\n<li>Dos grandes bolsillos deslizantes en los extremos<\/li>\n<li>El bolsillo trasero con cremallera funciona tambi\u00e9n como funda para deslizarlo sobre el asa de una maleta.<\/li>\n<li>Bolsillo frontal exterior con cremallera, solapa para lluvia y bolsillos deslizantes internos<\/li>\n<li>Correa de hombro ajustable y desmontable<\/li>\n<li>Asas de transporte de cincha de primera calidad<\/li>\n<li>etiqueta extra\u00edble para facilitar el cambio de marca<\/li>\n<li>Tama\u00f1o del equipaje de mano: se adapta a la mayor\u00eda de las aerol\u00edneas<\/li>\n<\/ul>","protected":false},"excerpt":{"rendered":"<p>252 g\/m\u00b2100 % poli\u00e9ster 600D (reciclado)Estilo minimalistaCompartimento principal con cremalleraRevestimiento interior con acabado de primera calidad.<\/p>","protected":false},"featured_media":427121,"comment_status":"open","ping_status":"closed","template":"","meta":{"_acf_changed":false},"product_brand":[11657],"product_cat":[13948,13954,13939,13974,13930,13975,13992,13983,13973],"product_tag":[],"class_list":{"0":"post-401160","1":"product","2":"type-product","3":"status-publish","4":"has-post-thumbnail","6":"product_brand-quadra","7":"product_cat-accesorios","8":"product_cat-acc-bolsas-y-mochilas","9":"product_cat-deportivo","10":"product_cat-ropa-hombre","11":"product_cat-laboral","12":"product_cat-ropa-mujer","13":"product_cat-m-pantalones","14":"product_cat-h-pantalones","15":"product_cat-ropa","16":"tm-no-options","18":"first","19":"instock","20":"taxable","21":"shipping-taxable","22":"product-type-variable"},"acf":[],"_links":{"self":[{"href":"https:\/\/grupotextil.es\/ca\/wp-json\/wp\/v2\/product\/401160","targetHints":{"allow":["GET"]}}],"collection":[{"href":"https:\/\/grupotextil.es\/ca\/wp-json\/wp\/v2\/product"}],"about":[{"href":"https:\/\/grupotextil.es\/ca\/wp-json\/wp\/v2\/types\/product"}],"replies":[{"embeddable":true,"href":"https:\/\/grupotextil.es\/ca\/wp-json\/wp\/v2\/comments?post=401160"}],"wp:featuredmedia":[{"embeddable":true,"href":"https:\/\/grupotextil.es\/ca\/wp-json\/wp\/v2\/media\/427121"}],"wp:attachment":[{"href":"https:\/\/grupotextil.es\/ca\/wp-json\/wp\/v2\/media?parent=401160"}],"wp:term":[{"taxonomy":"product_brand","embeddable":true,"href":"https:\/\/grupotextil.es\/ca\/wp-json\/wp\/v2\/product_brand?post=401160"},{"taxonomy":"product_cat","embeddable":true,"href":"https:\/\/grupotextil.es\/ca\/wp-json\/wp\/v2\/product_cat?post=401160"},{"taxonomy":"product_tag","embeddable":true,"href":"https:\/\/grupotextil.es\/ca\/wp-json\/wp\/v2\/product_tag?post=401160"}],"curies":[{"name":"wp","href":"https:\/\/api.w.org\/{rel}","templated":true}]}}