{"id":401163,"date":"2026-03-08T05:31:05","date_gmt":"2026-03-08T04:31:05","guid":{"rendered":"https:\/\/grupotextil.es\/producto\/pantalon-ajustado-work-guard-largo\/"},"modified":"2026-03-08T05:31:05","modified_gmt":"2026-03-08T04:31:05","slug":"pantalon-ajustado-work-guard-largo","status":"publish","type":"product","link":"https:\/\/grupotextil.es\/ca\/product\/pantalon-ajustado-work-guard-largo\/","title":{"rendered":"Pantal\u00f3n ajustado Work Guard (largo)"},"content":{"rendered":"<ul>\n<li>290 g\/m\u00b2<\/li>\n<li>63% poli\u00e9ster, 34% algod\u00f3n, 3% elast\u00e1n<\/li>\n<li>Suave tejido stretch de alto rendimiento y ajuste ergon\u00f3mico c\u00f3modo<\/li>\n<li>Cremallera frontal con un bot\u00f3n (tirador de cremallera de color intercambiable)<\/li>\n<li>Cintura el\u00e1stica, trabillas para cintur\u00f3n<\/li>\n<li>Varios bolsillos multiuso<\/li>\n<li>Rodilla articulada con pinzas<\/li>\n<li>Costuras de doble aguja, remate en puntos de tensi\u00f3n importantes<\/li>\n<li>Dobladillo reforzado para m\u00e1s resistencia<\/li>\n<li>Acabado duradero y resistente, lavable a 60\u00ba C<\/li>\n<li>Apropiado para bordar<\/li>\n<li>M\u00e1s tallas para este productos, consulta el producto 903.33.<\/li>\n<\/ul>","protected":false},"excerpt":{"rendered":"<p>290 g\/m\u00b263% poli\u00e9ster, 34% algod\u00f3n, 3% elast\u00e1nSuave tejido stretch de alto rendimiento y ajuste ergon\u00f3mico c\u00f3modoCremallera frontal con un bot\u00f3n (tirador de cremallera de color intercambiable)Cintu&#8230;<\/p>","protected":false},"featured_media":427132,"comment_status":"open","ping_status":"closed","template":"","meta":{"_acf_changed":false},"product_brand":[11669],"product_cat":[13948,13954,13939,13974,13930,13975,13992,13983,13973],"product_tag":[],"class_list":{"0":"post-401163","1":"product","2":"type-product","3":"status-publish","4":"has-post-thumbnail","6":"product_brand-result","7":"product_cat-accesorios","8":"product_cat-acc-bolsas-y-mochilas","9":"product_cat-deportivo","10":"product_cat-ropa-hombre","11":"product_cat-laboral","12":"product_cat-ropa-mujer","13":"product_cat-m-pantalones","14":"product_cat-h-pantalones","15":"product_cat-ropa","16":"tm-no-options","18":"first","19":"instock","20":"taxable","21":"shipping-taxable","22":"product-type-variable"},"acf":[],"_links":{"self":[{"href":"https:\/\/grupotextil.es\/ca\/wp-json\/wp\/v2\/product\/401163","targetHints":{"allow":["GET"]}}],"collection":[{"href":"https:\/\/grupotextil.es\/ca\/wp-json\/wp\/v2\/product"}],"about":[{"href":"https:\/\/grupotextil.es\/ca\/wp-json\/wp\/v2\/types\/product"}],"replies":[{"embeddable":true,"href":"https:\/\/grupotextil.es\/ca\/wp-json\/wp\/v2\/comments?post=401163"}],"wp:featuredmedia":[{"embeddable":true,"href":"https:\/\/grupotextil.es\/ca\/wp-json\/wp\/v2\/media\/427132"}],"wp:attachment":[{"href":"https:\/\/grupotextil.es\/ca\/wp-json\/wp\/v2\/media?parent=401163"}],"wp:term":[{"taxonomy":"product_brand","embeddable":true,"href":"https:\/\/grupotextil.es\/ca\/wp-json\/wp\/v2\/product_brand?post=401163"},{"taxonomy":"product_cat","embeddable":true,"href":"https:\/\/grupotextil.es\/ca\/wp-json\/wp\/v2\/product_cat?post=401163"},{"taxonomy":"product_tag","embeddable":true,"href":"https:\/\/grupotextil.es\/ca\/wp-json\/wp\/v2\/product_tag?post=401163"}],"curies":[{"name":"wp","href":"https:\/\/api.w.org\/{rel}","templated":true}]}}