{"id":401201,"date":"2026-03-08T05:31:10","date_gmt":"2026-03-08T04:31:10","guid":{"rendered":"https:\/\/grupotextil.es\/producto\/bata-sara\/"},"modified":"2026-03-08T05:31:10","modified_gmt":"2026-03-08T04:31:10","slug":"bata-sara","status":"publish","type":"product","link":"https:\/\/grupotextil.es\/ca\/product\/bata-sara\/","title":{"rendered":"Bata Sara"},"content":{"rendered":"<ul>\n<li>185 g\/m\u00b2<\/li>\n<li>65% poli\u00e9ster, 35% algod\u00f3n<\/li>\n<li>Corte c\u00f3modo<\/li>\n<li>2 bolsillos laterales ocultos, 1 bolsillo en la parte izquierda<\/li>\n<li>4 corchetes<\/li>\n<li>Largo espalda aprox. 82 cm<\/li>\n<li>Tejido de gran calidad, no desti\u00f1e, sanforizado<\/li>\n<li>Lavable a 95\u00b0C<\/li>\n<\/ul>","protected":false},"excerpt":{"rendered":"<p>185 g\/m\u00b265% poli\u00e9ster, 35% algod\u00f3nCorte c\u00f3modo2 bolsillos laterales ocultos, 1 bolsillo en la parte izquierda4 corchetesLargo espalda aprox.<\/p>","protected":false},"featured_media":427156,"comment_status":"open","ping_status":"closed","template":"","meta":{"_acf_changed":false},"product_brand":[11673],"product_cat":[13948,13954,13939,13974,13930,13975,13983,13992,13973],"product_tag":[],"class_list":{"0":"post-401201","1":"product","2":"type-product","3":"status-publish","4":"has-post-thumbnail","6":"product_brand-karlowsky","7":"product_cat-accesorios","8":"product_cat-acc-bolsas-y-mochilas","9":"product_cat-deportivo","10":"product_cat-ropa-hombre","11":"product_cat-laboral","12":"product_cat-ropa-mujer","13":"product_cat-h-pantalones","14":"product_cat-m-pantalones","15":"product_cat-ropa","16":"tm-no-options","18":"first","19":"instock","20":"taxable","21":"shipping-taxable","22":"product-type-variable"},"acf":[],"_links":{"self":[{"href":"https:\/\/grupotextil.es\/ca\/wp-json\/wp\/v2\/product\/401201","targetHints":{"allow":["GET"]}}],"collection":[{"href":"https:\/\/grupotextil.es\/ca\/wp-json\/wp\/v2\/product"}],"about":[{"href":"https:\/\/grupotextil.es\/ca\/wp-json\/wp\/v2\/types\/product"}],"replies":[{"embeddable":true,"href":"https:\/\/grupotextil.es\/ca\/wp-json\/wp\/v2\/comments?post=401201"}],"wp:featuredmedia":[{"embeddable":true,"href":"https:\/\/grupotextil.es\/ca\/wp-json\/wp\/v2\/media\/427156"}],"wp:attachment":[{"href":"https:\/\/grupotextil.es\/ca\/wp-json\/wp\/v2\/media?parent=401201"}],"wp:term":[{"taxonomy":"product_brand","embeddable":true,"href":"https:\/\/grupotextil.es\/ca\/wp-json\/wp\/v2\/product_brand?post=401201"},{"taxonomy":"product_cat","embeddable":true,"href":"https:\/\/grupotextil.es\/ca\/wp-json\/wp\/v2\/product_cat?post=401201"},{"taxonomy":"product_tag","embeddable":true,"href":"https:\/\/grupotextil.es\/ca\/wp-json\/wp\/v2\/product_tag?post=401201"}],"curies":[{"name":"wp","href":"https:\/\/api.w.org\/{rel}","templated":true}]}}