{"id":401287,"date":"2026-03-08T05:31:56","date_gmt":"2026-03-08T04:31:56","guid":{"rendered":"https:\/\/grupotextil.es\/producto\/softshell-tecnico-hombre\/"},"modified":"2026-03-08T05:31:56","modified_gmt":"2026-03-08T04:31:56","slug":"softshell-tecnico-hombre","status":"publish","type":"product","link":"https:\/\/grupotextil.es\/ca\/product\/softshell-tecnico-hombre\/","title":{"rendered":"Softshell t\u00e9cnico hombre"},"content":{"rendered":"<ul>\n<li>200 g\/m\u00b2<\/li>\n<li>100% poli\u00e9ster (interlock)<\/li>\n<li>Unido con micropolar 100% poli\u00e9ster<\/li>\n<li>Resistente al viento<\/li>\n<li>Repelente al agua libre de PFC<\/li>\n<li>Cremallera entera<\/li>\n<li>Ribete reflectante en los hombros<\/li>\n<li>Bolsillo interior<\/li>\n<li>Posibilidad de a\u00f1adir auriculares<\/li>\n<li>Bolsillos laterales con cremallera<\/li>\n<li>Este producto est\u00e1 respaldado por una garant\u00eda de 5 a\u00f1os.<\/li>\n<\/ul>","protected":false},"excerpt":{"rendered":"<p>200 g\/m\u00b2100% poli\u00e9ster (interlock)Unido con micropolar 100% poli\u00e9sterResistente al vientoRepelente al agua libre de PFCCremallera enteraRibete reflectante en los hombrosBolsillo interiorPosibilidad&#8230;<\/p>","protected":false},"featured_media":427190,"comment_status":"open","ping_status":"closed","template":"","meta":{"_acf_changed":false},"product_brand":[11664],"product_cat":[13948,13954,13939,13974,13930,13975,13983,13992,13973],"product_tag":[],"class_list":{"0":"post-401287","1":"product","2":"type-product","3":"status-publish","4":"has-post-thumbnail","6":"product_brand-stormtech","7":"product_cat-accesorios","8":"product_cat-acc-bolsas-y-mochilas","9":"product_cat-deportivo","10":"product_cat-ropa-hombre","11":"product_cat-laboral","12":"product_cat-ropa-mujer","13":"product_cat-h-pantalones","14":"product_cat-m-pantalones","15":"product_cat-ropa","16":"tm-no-options","18":"first","19":"instock","20":"taxable","21":"shipping-taxable","22":"product-type-variable"},"acf":[],"_links":{"self":[{"href":"https:\/\/grupotextil.es\/ca\/wp-json\/wp\/v2\/product\/401287","targetHints":{"allow":["GET"]}}],"collection":[{"href":"https:\/\/grupotextil.es\/ca\/wp-json\/wp\/v2\/product"}],"about":[{"href":"https:\/\/grupotextil.es\/ca\/wp-json\/wp\/v2\/types\/product"}],"replies":[{"embeddable":true,"href":"https:\/\/grupotextil.es\/ca\/wp-json\/wp\/v2\/comments?post=401287"}],"wp:featuredmedia":[{"embeddable":true,"href":"https:\/\/grupotextil.es\/ca\/wp-json\/wp\/v2\/media\/427190"}],"wp:attachment":[{"href":"https:\/\/grupotextil.es\/ca\/wp-json\/wp\/v2\/media?parent=401287"}],"wp:term":[{"taxonomy":"product_brand","embeddable":true,"href":"https:\/\/grupotextil.es\/ca\/wp-json\/wp\/v2\/product_brand?post=401287"},{"taxonomy":"product_cat","embeddable":true,"href":"https:\/\/grupotextil.es\/ca\/wp-json\/wp\/v2\/product_cat?post=401287"},{"taxonomy":"product_tag","embeddable":true,"href":"https:\/\/grupotextil.es\/ca\/wp-json\/wp\/v2\/product_tag?post=401287"}],"curies":[{"name":"wp","href":"https:\/\/api.w.org\/{rel}","templated":true}]}}