{"id":401359,"date":"2026-03-08T05:32:49","date_gmt":"2026-03-08T04:32:49","guid":{"rendered":"https:\/\/grupotextil.es\/producto\/chaleco-vostex-work-guard\/"},"modified":"2026-03-08T05:32:49","modified_gmt":"2026-03-08T04:32:49","slug":"chaleco-vostex-work-guard","status":"publish","type":"product","link":"https:\/\/grupotextil.es\/ca\/product\/chaleco-vostex-work-guard\/","title":{"rendered":"Vest Vostex Work-Guard"},"content":{"rendered":"<ul>\n<li>275 g\/m\u00b2<\/li>\n<li>Exterior: 100% poli\u00e9ster Oxford 300D con capa PVC<\/li>\n<li>Forro: tafet\u00e1n 100% poli\u00e9ster 210T (acolchado en rombo)<\/li>\n<li>Relleno: 100% poli\u00e9ster<\/li>\n<li>Contra viento y tejido impermiable (2.000mm)<\/li>\n<li>Costuras selladas<\/li>\n<li>Cuello en forro de tricot de tacto suave<\/li>\n<li>Cremallera de 2 carros con 4 tiradores de color intercambiables y solapa protectora interior<\/li>\n<li>Costuras totalmente selladas ( impermeable 2.000 mm)<\/li>\n<li>Varios bolsillos<\/li>\n<li>Bajo con cord\u00f3n el\u00e1stico ajustable<\/li>\n<li>Detalles reflectantes<\/li>\n<\/ul>","protected":false},"excerpt":{"rendered":"<p>275 g\/m\u00b2Exterior: 100% poli\u00e9ster Oxford 300D con capa PVCForro: tafet\u00e1n 100% poli\u00e9ster 210T (acolchado en rombo)Relleno: 100% poli\u00e9sterContra viento y tejido impermiable (2.<\/p>","protected":false},"featured_media":427258,"comment_status":"open","ping_status":"closed","template":"","meta":{"_acf_changed":false},"product_brand":[11669],"product_cat":[13948,13954,13939,13974,13930,13975,13983,13992,13973],"product_tag":[],"class_list":{"0":"post-401359","1":"product","2":"type-product","3":"status-publish","4":"has-post-thumbnail","6":"product_brand-result","7":"product_cat-accesorios","8":"product_cat-acc-bolsas-y-mochilas","9":"product_cat-deportivo","10":"product_cat-ropa-hombre","11":"product_cat-laboral","12":"product_cat-ropa-mujer","13":"product_cat-h-pantalones","14":"product_cat-m-pantalones","15":"product_cat-ropa","16":"tm-no-options","18":"first","19":"instock","20":"taxable","21":"shipping-taxable","22":"product-type-variable"},"acf":[],"_links":{"self":[{"href":"https:\/\/grupotextil.es\/ca\/wp-json\/wp\/v2\/product\/401359","targetHints":{"allow":["GET"]}}],"collection":[{"href":"https:\/\/grupotextil.es\/ca\/wp-json\/wp\/v2\/product"}],"about":[{"href":"https:\/\/grupotextil.es\/ca\/wp-json\/wp\/v2\/types\/product"}],"replies":[{"embeddable":true,"href":"https:\/\/grupotextil.es\/ca\/wp-json\/wp\/v2\/comments?post=401359"}],"wp:featuredmedia":[{"embeddable":true,"href":"https:\/\/grupotextil.es\/ca\/wp-json\/wp\/v2\/media\/427258"}],"wp:attachment":[{"href":"https:\/\/grupotextil.es\/ca\/wp-json\/wp\/v2\/media?parent=401359"}],"wp:term":[{"taxonomy":"product_brand","embeddable":true,"href":"https:\/\/grupotextil.es\/ca\/wp-json\/wp\/v2\/product_brand?post=401359"},{"taxonomy":"product_cat","embeddable":true,"href":"https:\/\/grupotextil.es\/ca\/wp-json\/wp\/v2\/product_cat?post=401359"},{"taxonomy":"product_tag","embeddable":true,"href":"https:\/\/grupotextil.es\/ca\/wp-json\/wp\/v2\/product_tag?post=401359"}],"curies":[{"name":"wp","href":"https:\/\/api.w.org\/{rel}","templated":true}]}}