{"id":401367,"date":"2026-03-08T05:32:50","date_gmt":"2026-03-08T04:32:50","guid":{"rendered":"https:\/\/grupotextil.es\/producto\/gorra-trucker-clasica-de-7-paneles\/"},"modified":"2026-03-08T05:32:50","modified_gmt":"2026-03-08T04:32:50","slug":"gorra-trucker-clasica-de-7-paneles","status":"publish","type":"product","link":"https:\/\/grupotextil.es\/ca\/product\/gorra-trucker-clasica-de-7-paneles\/","title":{"rendered":"Cap trucker Classic de 7 Panel"},"content":{"rendered":"<ul>\n<li>65 % poli\u00e9ster, 35 % algod\u00f3n (tejido exterior 1)<\/li>\n<li>Gorra trucker cl\u00e1sica<\/li>\n<li>Visera plana<\/li>\n<li>Corte de 7 paneles<\/li>\n<li>Forma moderna<\/li>\n<li>Cierre a presi\u00f3n snapback permite un ajuste personalizado.<\/li>\n<\/ul>","protected":false},"excerpt":{"rendered":"<p>65 % poli\u00e9ster, 35 % algod\u00f3n (tejido exterior 1)Gorra trucker cl\u00e1sicaVisera planaCorte de 7 panelesForma modernaCierre a presi\u00f3n snapback permite un ajuste personalizado.<\/p>","protected":false},"featured_media":427264,"comment_status":"open","ping_status":"closed","template":"","meta":{"_acf_changed":false},"product_brand":[11678],"product_cat":[13948,13954,13939,13974,13930,13975,13983,13992,13973],"product_tag":[14010],"class_list":{"0":"post-401367","1":"product","2":"type-product","3":"status-publish","4":"has-post-thumbnail","6":"product_brand-flexfit","7":"product_cat-accesorios","8":"product_cat-acc-bolsas-y-mochilas","9":"product_cat-deportivo","10":"product_cat-ropa-hombre","11":"product_cat-laboral","12":"product_cat-ropa-mujer","13":"product_cat-h-pantalones","14":"product_cat-m-pantalones","15":"product_cat-ropa","16":"product_tag-nuevo-2026","17":"tm-no-options","19":"first","20":"instock","21":"taxable","22":"shipping-taxable","23":"product-type-variable"},"acf":[],"_links":{"self":[{"href":"https:\/\/grupotextil.es\/ca\/wp-json\/wp\/v2\/product\/401367","targetHints":{"allow":["GET"]}}],"collection":[{"href":"https:\/\/grupotextil.es\/ca\/wp-json\/wp\/v2\/product"}],"about":[{"href":"https:\/\/grupotextil.es\/ca\/wp-json\/wp\/v2\/types\/product"}],"replies":[{"embeddable":true,"href":"https:\/\/grupotextil.es\/ca\/wp-json\/wp\/v2\/comments?post=401367"}],"wp:featuredmedia":[{"embeddable":true,"href":"https:\/\/grupotextil.es\/ca\/wp-json\/wp\/v2\/media\/427264"}],"wp:attachment":[{"href":"https:\/\/grupotextil.es\/ca\/wp-json\/wp\/v2\/media?parent=401367"}],"wp:term":[{"taxonomy":"product_brand","embeddable":true,"href":"https:\/\/grupotextil.es\/ca\/wp-json\/wp\/v2\/product_brand?post=401367"},{"taxonomy":"product_cat","embeddable":true,"href":"https:\/\/grupotextil.es\/ca\/wp-json\/wp\/v2\/product_cat?post=401367"},{"taxonomy":"product_tag","embeddable":true,"href":"https:\/\/grupotextil.es\/ca\/wp-json\/wp\/v2\/product_tag?post=401367"}],"curies":[{"name":"wp","href":"https:\/\/api.w.org\/{rel}","templated":true}]}}