{"id":401416,"date":"2026-03-08T05:33:12","date_gmt":"2026-03-08T04:33:12","guid":{"rendered":"https:\/\/grupotextil.es\/producto\/pantalon-action-work-guard\/"},"modified":"2026-03-08T05:33:12","modified_gmt":"2026-03-08T04:33:12","slug":"pantalon-action-work-guard","status":"publish","type":"product","link":"https:\/\/grupotextil.es\/ca\/product\/pantalon-action-work-guard\/","title":{"rendered":"Trouser Action Work-Guard"},"content":{"rendered":"<ul>\n<li>270 g\/m\u00b2<\/li>\n<li>65% poli\u00e9ster, 35% algod\u00f3n<\/li>\n<li>Cremallera frontal con bot\u00f3n<\/li>\n<li>Cintura expandible con trabillas para el cintur\u00f3n<\/li>\n<li>Bolsillo lateral calienta-manos, otros bolsillos<\/li>\n<li>Costuras de doble aguja, remates en puntos de tensi\u00f3n importantes<\/li>\n<li>Acabado duradero y resistente<\/li>\n<li>Largo de pierna de 32 pulgadas, con 5 cm adicionales para aumentar el largo<\/li>\n<li>Apropiado para bordar<\/li>\n<li>M\u00e1s tallas para este productos, consulta el producto 978.33.<\/li>\n<\/ul>","protected":false},"excerpt":{"rendered":"<p>270 g\/m\u00b265% poli\u00e9ster, 35% algod\u00f3nCremallera frontal con bot\u00f3nCintura expandible con trabillas para el cintur\u00f3nBolsillo lateral calienta-manos, otros bolsillosCosturas de doble aguja, remates en pu&#8230;<\/p>","protected":false},"featured_media":427343,"comment_status":"open","ping_status":"closed","template":"","meta":{"_acf_changed":false},"product_brand":[11669],"product_cat":[13948,13954,13939,13974,13930,13975,13983,13992,13973],"product_tag":[],"class_list":{"0":"post-401416","1":"product","2":"type-product","3":"status-publish","4":"has-post-thumbnail","6":"product_brand-result","7":"product_cat-accesorios","8":"product_cat-acc-bolsas-y-mochilas","9":"product_cat-deportivo","10":"product_cat-ropa-hombre","11":"product_cat-laboral","12":"product_cat-ropa-mujer","13":"product_cat-h-pantalones","14":"product_cat-m-pantalones","15":"product_cat-ropa","16":"tm-no-options","18":"first","19":"instock","20":"taxable","21":"shipping-taxable","22":"product-type-variable"},"acf":[],"_links":{"self":[{"href":"https:\/\/grupotextil.es\/ca\/wp-json\/wp\/v2\/product\/401416","targetHints":{"allow":["GET"]}}],"collection":[{"href":"https:\/\/grupotextil.es\/ca\/wp-json\/wp\/v2\/product"}],"about":[{"href":"https:\/\/grupotextil.es\/ca\/wp-json\/wp\/v2\/types\/product"}],"replies":[{"embeddable":true,"href":"https:\/\/grupotextil.es\/ca\/wp-json\/wp\/v2\/comments?post=401416"}],"wp:featuredmedia":[{"embeddable":true,"href":"https:\/\/grupotextil.es\/ca\/wp-json\/wp\/v2\/media\/427343"}],"wp:attachment":[{"href":"https:\/\/grupotextil.es\/ca\/wp-json\/wp\/v2\/media?parent=401416"}],"wp:term":[{"taxonomy":"product_brand","embeddable":true,"href":"https:\/\/grupotextil.es\/ca\/wp-json\/wp\/v2\/product_brand?post=401416"},{"taxonomy":"product_cat","embeddable":true,"href":"https:\/\/grupotextil.es\/ca\/wp-json\/wp\/v2\/product_cat?post=401416"},{"taxonomy":"product_tag","embeddable":true,"href":"https:\/\/grupotextil.es\/ca\/wp-json\/wp\/v2\/product_tag?post=401416"}],"curies":[{"name":"wp","href":"https:\/\/api.w.org\/{rel}","templated":true}]}}