{"id":401451,"date":"2026-03-08T05:33:14","date_gmt":"2026-03-08T04:33:14","guid":{"rendered":"https:\/\/grupotextil.es\/producto\/pantalon-de-chandal-id-000-para-ninos\/"},"modified":"2026-03-08T05:33:14","modified_gmt":"2026-03-08T04:33:14","slug":"pantalon-de-chandal-id-000-para-ninos","status":"publish","type":"product","link":"https:\/\/grupotextil.es\/ca\/product\/pantalon-de-chandal-id-000-para-ninos\/","title":{"rendered":"Trouser de Chandal ID.000 para Kidss"},"content":{"rendered":"<ul>\n<li>280 g\/m\u00b2<\/li>\n<li>80 % algod\u00f3n (invirtiendo en un mejor algod\u00f3n), 20 % poli\u00e9ster (reciclado), certificado RCS<\/li>\n<li>Dise\u00f1ado para ni\u00f1os y ni\u00f1as (g\u00e9nero neutro), desde ni\u00f1os hasta adolescentes.<\/li>\n<li>Ajuste cl\u00e1sico moderno para todas las ocasiones.<\/li>\n<li>Cara 100% algod\u00f3n con excelente capacidad de impresi\u00f3n y tacto suave.<\/li>\n<li>Cintura el\u00e1stica con cord\u00f3n de ajuste flexible.<\/li>\n<li>Bolsillos laterales<\/li>\n<li>Pu\u00f1os el\u00e1sticos en los tobillos<\/li>\n<li>Sin etiqueta, para f\u00e1cil rebranding<\/li>\n<\/ul>","protected":false},"excerpt":{"rendered":"<p>280 g\/m\u00b280 % algod\u00f3n (invirtiendo en un mejor algod\u00f3n), 20 % poli\u00e9ster (reciclado), certificado RCSDise\u00f1ado para ni\u00f1os y ni\u00f1as (g\u00e9nero neutro), desde ni\u00f1os hasta adolescentes.<\/p>","protected":false},"featured_media":427350,"comment_status":"open","ping_status":"closed","template":"","meta":{"_acf_changed":false},"product_brand":[11653],"product_cat":[13948,13954,13939,13974,13930,13975,13983,13992,13973],"product_tag":[],"class_list":{"0":"post-401451","1":"product","2":"type-product","3":"status-publish","4":"has-post-thumbnail","6":"product_brand-b-c","7":"product_cat-accesorios","8":"product_cat-acc-bolsas-y-mochilas","9":"product_cat-deportivo","10":"product_cat-ropa-hombre","11":"product_cat-laboral","12":"product_cat-ropa-mujer","13":"product_cat-h-pantalones","14":"product_cat-m-pantalones","15":"product_cat-ropa","16":"tm-no-options","18":"first","19":"instock","20":"taxable","21":"shipping-taxable","22":"product-type-variable"},"acf":[],"_links":{"self":[{"href":"https:\/\/grupotextil.es\/ca\/wp-json\/wp\/v2\/product\/401451","targetHints":{"allow":["GET"]}}],"collection":[{"href":"https:\/\/grupotextil.es\/ca\/wp-json\/wp\/v2\/product"}],"about":[{"href":"https:\/\/grupotextil.es\/ca\/wp-json\/wp\/v2\/types\/product"}],"replies":[{"embeddable":true,"href":"https:\/\/grupotextil.es\/ca\/wp-json\/wp\/v2\/comments?post=401451"}],"wp:featuredmedia":[{"embeddable":true,"href":"https:\/\/grupotextil.es\/ca\/wp-json\/wp\/v2\/media\/427350"}],"wp:attachment":[{"href":"https:\/\/grupotextil.es\/ca\/wp-json\/wp\/v2\/media?parent=401451"}],"wp:term":[{"taxonomy":"product_brand","embeddable":true,"href":"https:\/\/grupotextil.es\/ca\/wp-json\/wp\/v2\/product_brand?post=401451"},{"taxonomy":"product_cat","embeddable":true,"href":"https:\/\/grupotextil.es\/ca\/wp-json\/wp\/v2\/product_cat?post=401451"},{"taxonomy":"product_tag","embeddable":true,"href":"https:\/\/grupotextil.es\/ca\/wp-json\/wp\/v2\/product_tag?post=401451"}],"curies":[{"name":"wp","href":"https:\/\/api.w.org\/{rel}","templated":true}]}}