{"id":401468,"date":"2026-03-08T05:33:33","date_gmt":"2026-03-08T04:33:33","guid":{"rendered":"https:\/\/grupotextil.es\/producto\/gorra-jockey-lona\/"},"modified":"2026-03-08T05:33:33","modified_gmt":"2026-03-08T04:33:33","slug":"gorra-jockey-lona","status":"publish","type":"product","link":"https:\/\/grupotextil.es\/ca\/product\/gorra-jockey-lona\/","title":{"rendered":"Cap Jockey lona"},"content":{"rendered":"<ul>\n<li>98 % algod\u00f3n, 2 % elastano (tejido exterior 1: tejido entrelazado)<\/li>\n<li>Visera semicurva<\/li>\n<li>Su dise\u00f1o sencillo la convierte en un accesorio vers\u00e1til para looks urbanos<\/li>\n<li>Cierre trasero ajustable que permite adaptar la gorra a cada persona, ofreciendo comodidad y un ajuste seguro.<\/li>\n<\/ul>","protected":false},"excerpt":{"rendered":"<p>98 % algod\u00f3n, 2 % elastano (tejido exterior 1: tejido entrelazado)Visera semicurvaSu dise\u00f1o sencillo la convierte en un accesorio vers\u00e1til para looks urbanosCierre trasero ajustable que permite ada&#8230;<\/p>","protected":false},"featured_media":427357,"comment_status":"open","ping_status":"closed","template":"","meta":{"_acf_changed":false},"product_brand":[11678],"product_cat":[13948,13954,13939,13974,13930,13975,13983,13992,13973],"product_tag":[14010],"class_list":{"0":"post-401468","1":"product","2":"type-product","3":"status-publish","4":"has-post-thumbnail","6":"product_brand-flexfit","7":"product_cat-accesorios","8":"product_cat-acc-bolsas-y-mochilas","9":"product_cat-deportivo","10":"product_cat-ropa-hombre","11":"product_cat-laboral","12":"product_cat-ropa-mujer","13":"product_cat-h-pantalones","14":"product_cat-m-pantalones","15":"product_cat-ropa","16":"product_tag-nuevo-2026","17":"tm-no-options","19":"first","20":"instock","21":"taxable","22":"shipping-taxable","23":"product-type-variable"},"acf":[],"_links":{"self":[{"href":"https:\/\/grupotextil.es\/ca\/wp-json\/wp\/v2\/product\/401468","targetHints":{"allow":["GET"]}}],"collection":[{"href":"https:\/\/grupotextil.es\/ca\/wp-json\/wp\/v2\/product"}],"about":[{"href":"https:\/\/grupotextil.es\/ca\/wp-json\/wp\/v2\/types\/product"}],"replies":[{"embeddable":true,"href":"https:\/\/grupotextil.es\/ca\/wp-json\/wp\/v2\/comments?post=401468"}],"wp:featuredmedia":[{"embeddable":true,"href":"https:\/\/grupotextil.es\/ca\/wp-json\/wp\/v2\/media\/427357"}],"wp:attachment":[{"href":"https:\/\/grupotextil.es\/ca\/wp-json\/wp\/v2\/media?parent=401468"}],"wp:term":[{"taxonomy":"product_brand","embeddable":true,"href":"https:\/\/grupotextil.es\/ca\/wp-json\/wp\/v2\/product_brand?post=401468"},{"taxonomy":"product_cat","embeddable":true,"href":"https:\/\/grupotextil.es\/ca\/wp-json\/wp\/v2\/product_cat?post=401468"},{"taxonomy":"product_tag","embeddable":true,"href":"https:\/\/grupotextil.es\/ca\/wp-json\/wp\/v2\/product_tag?post=401468"}],"curies":[{"name":"wp","href":"https:\/\/api.w.org\/{rel}","templated":true}]}}