{"id":401503,"date":"2026-03-08T05:33:39","date_gmt":"2026-03-08T04:33:39","guid":{"rendered":"https:\/\/grupotextil.es\/producto\/pantalon-de-chandalid-000\/"},"modified":"2026-03-08T05:33:39","modified_gmt":"2026-03-08T04:33:39","slug":"pantalon-de-chandalid-000","status":"publish","type":"product","link":"https:\/\/grupotextil.es\/ca\/product\/pantalon-de-chandalid-000\/","title":{"rendered":"Trouser de ChandalID.000"},"content":{"rendered":"<ul>\n<li>280 g\/m\u00b2<\/li>\n<li>80 % algod\u00f3n (invirtiendo en un mejor algod\u00f3n), 20 % poli\u00e9ster (reciclado), certificado RCS<\/li>\n<li>Estilo verdaderamente neutral en cuanto al g\u00e9nero<\/li>\n<li>Un ajuste cl\u00e1sico y moderno para todos.<\/li>\n<li>Cara 100% algod\u00f3n con excelente capacidad de impresi\u00f3n y tacto suave.<\/li>\n<li>Cintura el\u00e1stica con cord\u00f3n.<\/li>\n<li>Pu\u00f1os el\u00e1sticos en los tobillos<\/li>\n<li>Sin etiqueta, para f\u00e1cil rebranding<\/li>\n<\/ul>","protected":false},"excerpt":{"rendered":"<p>280 g\/m\u00b280 % algod\u00f3n (invirtiendo en un mejor algod\u00f3n), 20 % poli\u00e9ster (reciclado), certificado RCSEstilo verdaderamente neutral en cuanto al g\u00e9neroUn ajuste cl\u00e1sico y moderno para todos.<\/p>","protected":false},"featured_media":427380,"comment_status":"open","ping_status":"closed","template":"","meta":{"_acf_changed":false},"product_brand":[11653],"product_cat":[13948,13954,13939,13974,13930,13975,13983,13992,13973],"product_tag":[],"class_list":{"0":"post-401503","1":"product","2":"type-product","3":"status-publish","4":"has-post-thumbnail","6":"product_brand-b-c","7":"product_cat-accesorios","8":"product_cat-acc-bolsas-y-mochilas","9":"product_cat-deportivo","10":"product_cat-ropa-hombre","11":"product_cat-laboral","12":"product_cat-ropa-mujer","13":"product_cat-h-pantalones","14":"product_cat-m-pantalones","15":"product_cat-ropa","16":"tm-no-options","18":"first","19":"instock","20":"taxable","21":"shipping-taxable","22":"product-type-variable"},"acf":[],"_links":{"self":[{"href":"https:\/\/grupotextil.es\/ca\/wp-json\/wp\/v2\/product\/401503","targetHints":{"allow":["GET"]}}],"collection":[{"href":"https:\/\/grupotextil.es\/ca\/wp-json\/wp\/v2\/product"}],"about":[{"href":"https:\/\/grupotextil.es\/ca\/wp-json\/wp\/v2\/types\/product"}],"replies":[{"embeddable":true,"href":"https:\/\/grupotextil.es\/ca\/wp-json\/wp\/v2\/comments?post=401503"}],"wp:featuredmedia":[{"embeddable":true,"href":"https:\/\/grupotextil.es\/ca\/wp-json\/wp\/v2\/media\/427380"}],"wp:attachment":[{"href":"https:\/\/grupotextil.es\/ca\/wp-json\/wp\/v2\/media?parent=401503"}],"wp:term":[{"taxonomy":"product_brand","embeddable":true,"href":"https:\/\/grupotextil.es\/ca\/wp-json\/wp\/v2\/product_brand?post=401503"},{"taxonomy":"product_cat","embeddable":true,"href":"https:\/\/grupotextil.es\/ca\/wp-json\/wp\/v2\/product_cat?post=401503"},{"taxonomy":"product_tag","embeddable":true,"href":"https:\/\/grupotextil.es\/ca\/wp-json\/wp\/v2\/product_tag?post=401503"}],"curies":[{"name":"wp","href":"https:\/\/api.w.org\/{rel}","templated":true}]}}