{"id":401736,"date":"2026-03-08T05:34:57","date_gmt":"2026-03-08T04:34:57","guid":{"rendered":"https:\/\/grupotextil.es\/producto\/mochila-enrollable-axis\/"},"modified":"2026-03-08T05:34:57","modified_gmt":"2026-03-08T04:34:57","slug":"mochila-enrollable-axis","status":"publish","type":"product","link":"https:\/\/grupotextil.es\/ca\/product\/mochila-enrollable-axis\/","title":{"rendered":"Mochila enrollable Axis"},"content":{"rendered":"<ul>\n<li>100% Poli\u00e9ster (Reciclado, 900D, 1680D)<\/li>\n<li>Correas de hombro ajustables y acolchadas<\/li>\n<li>Correa para equipaje trasero<\/li>\n<li>Cierre enrollable<\/li>\n<li>Compartimento trasero acolchado para port\u00e1til, compatible hasta 16<\/li>\n<li>Bolsillo frontal con solapa de cierre magn\u00e9tico y bolsillo frontal con cremallera<\/li>\n<li>Bolsillos laterales de f\u00e1cil acceso<\/li>\n<li>etiqueta extra\u00edble para facilitar el cambio de marca<\/li>\n<li>Capacidad: 22 Litros<\/li>\n<li>Dimensiones: 46x38x13cm<\/li>\n<li>M\u00e1x. bordado: aro de 15 tubulares<\/li>\n<li>M\u00e1x. \u00e1rea de impresi\u00f3n: 16&#215;22 cm.<\/li>\n<\/ul>","protected":false},"excerpt":{"rendered":"<p>100% Poli\u00e9ster (Reciclado, 900D, 1680D)Correas de hombro ajustables y acolchadasCorrea para equipaje traseroCierre enrollableCompartimento trasero acolchado para port\u00e1til, compatible hasta 16Bolsil&#8230;<\/p>","protected":false},"featured_media":427595,"comment_status":"open","ping_status":"closed","template":"","meta":{"_acf_changed":false},"product_brand":[11657],"product_cat":[13954],"product_tag":[],"class_list":{"0":"post-401736","1":"product","2":"type-product","3":"status-publish","4":"has-post-thumbnail","6":"product_brand-quadra","7":"product_cat-acc-bolsas-y-mochilas","8":"tm-no-options","10":"first","11":"instock","12":"taxable","13":"shipping-taxable","14":"product-type-variable"},"acf":[],"_links":{"self":[{"href":"https:\/\/grupotextil.es\/ca\/wp-json\/wp\/v2\/product\/401736","targetHints":{"allow":["GET"]}}],"collection":[{"href":"https:\/\/grupotextil.es\/ca\/wp-json\/wp\/v2\/product"}],"about":[{"href":"https:\/\/grupotextil.es\/ca\/wp-json\/wp\/v2\/types\/product"}],"replies":[{"embeddable":true,"href":"https:\/\/grupotextil.es\/ca\/wp-json\/wp\/v2\/comments?post=401736"}],"wp:featuredmedia":[{"embeddable":true,"href":"https:\/\/grupotextil.es\/ca\/wp-json\/wp\/v2\/media\/427595"}],"wp:attachment":[{"href":"https:\/\/grupotextil.es\/ca\/wp-json\/wp\/v2\/media?parent=401736"}],"wp:term":[{"taxonomy":"product_brand","embeddable":true,"href":"https:\/\/grupotextil.es\/ca\/wp-json\/wp\/v2\/product_brand?post=401736"},{"taxonomy":"product_cat","embeddable":true,"href":"https:\/\/grupotextil.es\/ca\/wp-json\/wp\/v2\/product_cat?post=401736"},{"taxonomy":"product_tag","embeddable":true,"href":"https:\/\/grupotextil.es\/ca\/wp-json\/wp\/v2\/product_tag?post=401736"}],"curies":[{"name":"wp","href":"https:\/\/api.w.org\/{rel}","templated":true}]}}