{"id":401739,"date":"2026-03-08T05:34:57","date_gmt":"2026-03-08T04:34:57","guid":{"rendered":"https:\/\/grupotextil.es\/producto\/botas-de-seguridad-blackwatch\/"},"modified":"2026-03-08T05:34:57","modified_gmt":"2026-03-08T04:34:57","slug":"botas-de-seguridad-blackwatch","status":"publish","type":"product","link":"https:\/\/grupotextil.es\/ca\/product\/botas-de-seguridad-blackwatch\/","title":{"rendered":"Botas Safety Blackwatch"},"content":{"rendered":"<ul>\n<li>Parte superior: cuero nubuck y malla<\/li>\n<li>Transpirables y resistentes al agua<\/li>\n<li>Soporta el tobillo. Acolchadas<\/li>\n<li>Muy resistentes<\/li>\n<li>Suela protegida<\/li>\n<li>Detalles reflectantes<\/li>\n<li>Antiest\u00e1ticas<\/li>\n<li>Alta absorci\u00f3n de energ\u00eda en \u00e1rea de tal\u00f3n<\/li>\n<li>Suela de goma antideslizante<\/li>\n<li>Antiest\u00e1tico<\/li>\n<li>EN ISO 20345:2011 S3 SRC<\/li>\n<\/ul>","protected":false},"excerpt":{"rendered":"<p>Parte superior: cuero nubuck y mallaTranspirables y resistentes al aguaSoporta el tobillo.<\/p>","protected":false},"featured_media":427601,"comment_status":"open","ping_status":"closed","template":"","meta":{"_acf_changed":false},"product_brand":[11669],"product_cat":[13954],"product_tag":[],"class_list":{"0":"post-401739","1":"product","2":"type-product","3":"status-publish","4":"has-post-thumbnail","6":"product_brand-result","7":"product_cat-acc-bolsas-y-mochilas","8":"tm-no-options","10":"first","11":"instock","12":"taxable","13":"shipping-taxable","14":"product-type-variable"},"acf":[],"_links":{"self":[{"href":"https:\/\/grupotextil.es\/ca\/wp-json\/wp\/v2\/product\/401739","targetHints":{"allow":["GET"]}}],"collection":[{"href":"https:\/\/grupotextil.es\/ca\/wp-json\/wp\/v2\/product"}],"about":[{"href":"https:\/\/grupotextil.es\/ca\/wp-json\/wp\/v2\/types\/product"}],"replies":[{"embeddable":true,"href":"https:\/\/grupotextil.es\/ca\/wp-json\/wp\/v2\/comments?post=401739"}],"wp:featuredmedia":[{"embeddable":true,"href":"https:\/\/grupotextil.es\/ca\/wp-json\/wp\/v2\/media\/427601"}],"wp:attachment":[{"href":"https:\/\/grupotextil.es\/ca\/wp-json\/wp\/v2\/media?parent=401739"}],"wp:term":[{"taxonomy":"product_brand","embeddable":true,"href":"https:\/\/grupotextil.es\/ca\/wp-json\/wp\/v2\/product_brand?post=401739"},{"taxonomy":"product_cat","embeddable":true,"href":"https:\/\/grupotextil.es\/ca\/wp-json\/wp\/v2\/product_cat?post=401739"},{"taxonomy":"product_tag","embeddable":true,"href":"https:\/\/grupotextil.es\/ca\/wp-json\/wp\/v2\/product_tag?post=401739"}],"curies":[{"name":"wp","href":"https:\/\/api.w.org\/{rel}","templated":true}]}}