{"id":401786,"date":"2026-03-08T05:35:07","date_gmt":"2026-03-08T04:35:07","guid":{"rendered":"https:\/\/grupotextil.es\/producto\/mochila-tailored-luxe\/"},"modified":"2026-03-08T05:35:07","modified_gmt":"2026-03-08T04:35:07","slug":"mochila-tailored-luxe","status":"publish","type":"product","link":"https:\/\/grupotextil.es\/ca\/product\/mochila-tailored-luxe\/","title":{"rendered":"Mochila Tailored Luxe"},"content":{"rendered":"<ul>\n<li>100% poliuretano (aspecto de cuero)<\/li>\n<li>Forro: 100% Poli\u00e9ster (Reciclado)<\/li>\n<li>Correas de hombro acolchadas y ajustables<\/li>\n<li>Correa para equipaje trasero<\/li>\n<li>Compartimento trasero acolchado para port\u00e1til, compatible hasta 16<\/li>\n<li>Apertura con cremallera de 2 v\u00edas para f\u00e1cil acceso<\/li>\n<li>Bolsillo delantero con cremallera<\/li>\n<li>2 bolsillos internos y soporte interno para botella de agua<\/li>\n<li>etiqueta extra\u00edble para facilitar el cambio de marca<\/li>\n<li>Capacidad: 10 Litros<\/li>\n<li>Dimensiones: 28x30x12cm<\/li>\n<li>M\u00e1x. bordado: 20&#215;6 cm<\/li>\n<li>M\u00e1x. \u00e1rea de impresi\u00f3n: 5&#215;8 cm.<\/li>\n<\/ul>","protected":false},"excerpt":{"rendered":"<p>100% poliuretano (aspecto de cuero)Forro: 100% Poli\u00e9ster (Reciclado)Correas de hombro acolchadas y ajustablesCorrea para equipaje traseroCompartimento trasero acolchado para port\u00e1til, compatible ha&#8230;<\/p>","protected":false},"featured_media":427664,"comment_status":"open","ping_status":"closed","template":"","meta":{"_acf_changed":false},"product_brand":[11657],"product_cat":[13954],"product_tag":[],"class_list":{"0":"post-401786","1":"product","2":"type-product","3":"status-publish","4":"has-post-thumbnail","6":"product_brand-quadra","7":"product_cat-acc-bolsas-y-mochilas","8":"tm-no-options","10":"first","11":"instock","12":"taxable","13":"shipping-taxable","14":"product-type-variable"},"acf":[],"_links":{"self":[{"href":"https:\/\/grupotextil.es\/ca\/wp-json\/wp\/v2\/product\/401786","targetHints":{"allow":["GET"]}}],"collection":[{"href":"https:\/\/grupotextil.es\/ca\/wp-json\/wp\/v2\/product"}],"about":[{"href":"https:\/\/grupotextil.es\/ca\/wp-json\/wp\/v2\/types\/product"}],"replies":[{"embeddable":true,"href":"https:\/\/grupotextil.es\/ca\/wp-json\/wp\/v2\/comments?post=401786"}],"wp:featuredmedia":[{"embeddable":true,"href":"https:\/\/grupotextil.es\/ca\/wp-json\/wp\/v2\/media\/427664"}],"wp:attachment":[{"href":"https:\/\/grupotextil.es\/ca\/wp-json\/wp\/v2\/media?parent=401786"}],"wp:term":[{"taxonomy":"product_brand","embeddable":true,"href":"https:\/\/grupotextil.es\/ca\/wp-json\/wp\/v2\/product_brand?post=401786"},{"taxonomy":"product_cat","embeddable":true,"href":"https:\/\/grupotextil.es\/ca\/wp-json\/wp\/v2\/product_cat?post=401786"},{"taxonomy":"product_tag","embeddable":true,"href":"https:\/\/grupotextil.es\/ca\/wp-json\/wp\/v2\/product_tag?post=401786"}],"curies":[{"name":"wp","href":"https:\/\/api.w.org\/{rel}","templated":true}]}}